{"id":7500,"date":"2017-05-29T06:21:21","date_gmt":"2017-05-29T04:21:21","guid":{"rendered":"http:\/\/unisat2.garm.lv\/?page_id=7500"},"modified":"2018-09-14T08:29:20","modified_gmt":"2018-09-14T06:29:20","slug":"terms-conditions","status":"publish","type":"page","link":"https:\/\/unisat.lv\/ru\/terms-conditions\/","title":{"rendered":"\u041f\u0440\u0430\u0432\u0438\u043b\u0430 \u0438 \u0443\u0441\u043b\u043e\u0432\u0438\u044f"},"content":{"rendered":"<p><\/p>\n<h3>DRO\u0160\u012aBA<\/h3>\n<p>Dro\u0161\u012bbas politik\u0101 ir aprakst\u012bts, k\u0101 SIA &#8220;UNISAT&#8221; izmanto un aizsarg\u0101 inform\u0101ciju, kuru J\u016bs sniedzat re\u0123istr\u0113joties vai izmantojot pakalpojumus interneta veikal\u0101.<\/p>\n<p>Kad SIA &#8220;UNISAT&#8221; l\u016bdz J\u016bs nor\u0101d\u012bt jebk\u0101du inform\u0101ciju, t\u0101 tiek izmantota, apstr\u0101d\u0101ta un uzglab\u0101ta atbilsto\u0161i m\u016bsu dro\u0161ibas politikai. K\u013c\u016bstot par re\u0123istr\u0113tu lietot\u0101ju, J\u016bs piekr\u012btat to datu apstr\u0101dei, ko sniedzat re\u0123istr\u0113joties un izmantojot m\u016bsu pakalpojumus.<\/p>\n<h4>Personas dati<\/h4>\n<p>SIA &#8220;UNISAT&#8221; dr\u012bkst apkopot, uzglab\u0101t un izmantot \u0161\u0101dus personas datus:<\/p>\n<ul>\n<li>inform\u0101ciju par J\u016bsu datoru un interneta lapas www.unisat.lv apmekl\u0113\u0161anu un izmanto\u0161anu (ieskaitot J\u016bsu datora IP adresi, J\u016bsu \u0123eogr\u0101fisko atra\u0161an\u0101s vietu, interneta p\u0101rl\u016bka tipu);<\/li>\n<li>inform\u0101ciju par jebkur\u0101m transakcij\u0101m, kuras notiku\u0161as starp Jums un SIA &#8220;UNISAT&#8221; (ieskaitot inform\u0101ciju, kas saist\u012bta ar pas\u016bt\u012bjumiem);<\/li>\n<li>inform\u0101ciju, kuru J\u016bs sniedzat re\u0123istr\u0113joties;<\/li>\n<li>inform\u0101ciju, kuru J\u016bs sniedzat, lai pieteiktos SIA &#8220;UNISAT&#8221; izs\u016bt\u012btajiem jaunumiem un akcij\u0101m par prec\u0113m vai sa\u0146emtu zi\u0146ojumus par aizpild\u012btaj\u0101m form\u0101m;<\/li>\n<li>jebkuru citu inform\u0101ciju, kuru J\u016bs v\u0113laties nos\u016bt\u012bt mums.<\/li>\n<\/ul>\n<p>SIA &#8220;UNISAT&#8221; var izmantot J\u016bsu personas datus, lai:<\/p>\n<ul>\n<li>nodro\u0161in\u0101tu Jums iesp\u0113ju izmantot m\u0101jaslap\u0101 www.unisat.lv pieejamos pakalpojumus;<\/li>\n<li>p\u0101rvald\u012btu m\u0101jaslapu www.unisat.lv;<\/li>\n<li>personaliz\u0113tu sniegtos pakalpojumus vai m\u0101jaslapu www.unisat.lv;<\/li>\n<li>nos\u016bt\u012btu Jums pazi\u0146ojumus, r\u0113\u0137inus un veiktu maks\u0101jumus;<\/li>\n<li>nos\u016bt\u012btu Jums e-pasta zi\u0146ojumus, kuriem J\u016bs esat pieteicies;<\/li>\n<li>nos\u016bt\u012btu Jums jaunumu v\u0113stules un citus m\u0101rketinga zi\u0146ojumus;<\/li>\n<li>atsauktos uz J\u016bsu jaut\u0101jumiem vai s\u016bdz\u012bb\u0101m par m\u0101jaslapu www.unisat.lv.<\/li>\n<\/ul>\n<h4>Inform\u0101cijas nodo\u0161ana tre\u0161aj\u0101m person\u0101m<\/h4>\n<p>SIA &#8220;UNISAT&#8221; var atkl\u0101t inform\u0101ciju par Jums jebkuram SIA &#8220;UNISAT&#8221; darbiniekam tikai tik liel\u0101 m\u0113r\u0101, cik tas atrun\u0101ts \u0161aj\u0101 dro\u0161\u012bbas politik\u0101. Papildus tam m\u0113s varam atkl\u0101t inform\u0101ciju par Jums:<\/p>\n<ul>\n<li>tik liel\u0101 m\u0113r\u0101, cik tas atbilst normat\u012bvajiem aktiem;<\/li>\n<li>saist\u012bb\u0101 ar jebkuru tiesved\u012bbas procesu;<\/li>\n<li>lai aizst\u0101v\u0113tu savas likumisk\u0101s ties\u012bbas (ieskaitot inform\u0101cijas nodo\u0161anu citiem, lai nepie\u013cautu kr\u0101pnieciskas darb\u012bbas).<\/li>\n<\/ul>\n<p>M\u0113s izmantojam Google Analytics programmu lai analiz\u0113tu m\u0101jaslapas www.unisat.lv apmekl\u0113jumu. Izmantojot s\u012bkdatnes, kas tiek glab\u0101tas m\u016bsu serveros, Google Analytics apkopo statistisku un citu inform\u0101ciju par m\u0101jaslapu www.unisat.lv. Inform\u0101ciju, kas tiek apkopota saist\u012bb\u0101 ar m\u0101jaslapu www.unisat.lv, glab\u0101 uz\u0146\u0113mums Google. Google priv\u0101tuma politika pieejama \u0161eit.<\/p>\n<div>(Konfidencialit\u0101te un personas datu aizsardz\u012bba) papildin\u0101ta ar nosac\u012bjumu, ka klienta dati un konfidenci\u0101l\u0101 inform\u0101cija var tikt izpausta personai, kas ieguvusi tie\u0161u vai netie\u0161u l\u012bdzdal\u012bbu unisat.lv, vai jebkurai \u0161\u012bs personas kontrol\u0113tai personai tikai gad\u012bjum\u0101, ja \u0161\u0101das inform\u0101cijas vai datu izpau\u0161ana ir nepiecie\u0161ama, lai nodro\u0161in\u0101tu atbilst\u012bbu \u0161o personu darb\u012bbu regul\u0113jo\u0161ajiem normat\u012bvajiem aktiem.<\/div>\n<div><\/div>\n<div>Preciz\u0113ti un papildin\u0101ti noteikumi par elektronisk\u0101 pasta izmanto\u0161anu sazi\u0146\u0101 ar klientu un ar to saist\u012btajiem riskiem, nosakot, ka gan sazi\u0146\u0101 ar klientu, gan gad\u012bjumos, kad unisat.lv saska\u0146\u0101 ar Visp\u0101r\u0113jiem dar\u012bjumu noteikumiem nos\u016bta pa elektronisko pastu klienta datus saturo\u0161u inform\u0101ciju cit\u0101m person\u0101m, unisat.lv var nelietot kriptogr\u0101fijas l\u012bdzek\u013cus vai citus lo\u0123isk\u0101s aizsardz\u012bbas l\u012bdzek\u013cus, iz\u0146emot normat\u012bvajos aktos noteiktus gad\u012bjumus, kad \u0161\u0101di l\u012bdzek\u013ci ir oblig\u0101ti j\u0101izmanto.<\/div>\n<div><\/div>\n<h4>S\u012bkdatnes<\/h4>\n<p>M\u0101jaslap\u0101 www.unisat.lv tiek izmantota s\u012bkdat\u0146u tehnolo\u0123ija. \u0160\u012bs s\u012bkdatnes m\u016bs inform\u0113 par to, vai esat iepriek\u0161 apmekl\u0113jis m\u016bsu m\u0101jaslapu, vai esat jauns lietot\u0101js un ko esat apskat\u012bjis m\u016bsu sait\u0101. M\u016bsu izmantot\u0101s s\u012bkdatnes neuzkr\u0101j nek\u0101du person\u012bgo inform\u0101ciju par Jums un nepied\u0101v\u0101 mums iesp\u0113ju ar Jums sazin\u0101ties, k\u0101 ar\u012b s\u012bkdatnes neiel\u0101d\u0113 nek\u0101da veida inform\u0101ciju no J\u016bsu datora.<\/p>\n<h4>Priv\u0101to datu aizsardz\u012bba<\/h4>\n<p>Visi klienta personiskie dati, apmekl\u0113jot interneta veikalu www.unisat.lv un veicot apmaksu par prec\u0113m, ir uzskat\u0101mi par konfidenci\u0101lo inform\u0101ciju, iz\u0146emot gad\u012bjumus, kad kurjeram, lai pieg\u0101d\u0101tu preci, nepiecie\u0161ams zin\u0101t klienta v\u0101rdu, uzv\u0101rdu, adresi un telefona numuru, k\u0101 ar\u012b citos gad\u012bjumos, kas paredz\u0113ti likumdo\u0161an\u0101.<\/p>\n<h4>Datu aizsardz\u012bba<\/h4>\n<p>Datu p\u0101rraides kod\u0113ts kan\u0101ls nodro\u0161ina klienta personisko datu un bankas rekviz\u012btu dro\u0161\u012bbu. SIA &#8220;UNISAT&#8221; nav piek\u013cuves \u0161iem datiem.<\/p>\n<h4>Citi<\/h4>\n<p>\u0160\u012b priv\u0101tuma politika var tikt main\u012bta bez iepriek\u0161\u0113ja br\u012bdin\u0101juma. Jaun\u0101k\u0101 priv\u0101tuma politikas versija, kas ir public\u0113ta m\u0101jaslap\u0101 www.unisat.lv, aizst\u0101j visas iepriek\u0161\u0113j\u0101s priv\u0101tuma politikas versijas. Ja Jums ir k\u0101di jaut\u0101jumi vai neskaidr\u012bbas par www.unisat.lv priv\u0101tuma politiku, l\u016bdzu, rakstiet uz e-pasta adresi: info@unisat.lv<\/p>\n<h3><strong>Pirk\u0161anas nosac\u012bjumi<\/strong><\/h3>\n<p>Lai izsl\u0113gtu nevajadz\u012bgas kav\u0113\u0161an\u0101s un domstarp\u012bbas pirkuma l\u012bguma nosl\u0113g\u0161anas gait\u0101, l\u016bdzu iepaz\u012bties un akcept\u0113t zem\u0101k pievienotos svar\u012bg\u0101kos SIA &#8220;UNISAT&#8221;, vienotais re\u0123.Nr. 40003542424 (turpm\u0101k tekst\u0101 &#8211; UNISAT) pied\u0101v\u0101to pre\u010du ieg\u0101des noteikumus.<\/p>\n<ol>\n<li>T\u0101 k\u0101<strong> UNISAT<\/strong> pied\u0101v\u0101t\u0101s preces p\u0101rdo\u0161ana notiek ar internet\u0101 izvietota pied\u0101v\u0101juma starpniec\u012bbu, saska\u0146\u0101 ar Latvijas Republikas Pat\u0113r\u0113t\u0101ju ties\u012bbu aizsardz\u012bbas likuma (PTAL) 10. pantu, \u0161\u0101d\u0101 gad\u012bjum\u0101, pirc\u0113jam veicot pas\u016bt\u012bjumu, starp pirc\u0113ju un p\u0101rdev\u0113ju tiek sl\u0113gts Distances l\u012bgums.<\/li>\n<li>Noform\u0113t pas\u016bt\u012bjumu ir iesp\u0113jams interneta vietn\u0113 www.unisat.lv, veikalos: Kalna iela 2 vai pa telefonu 67144248.<\/li>\n<li><strong>UNISAT<\/strong> visas pre\u010du cenas ir nor\u0101d\u012btas, ieskaitot Pievienot\u0101s v\u0113rt\u012bbas nodokli 21%. Pied\u0101v\u0101t\u0101s cenas ir sp\u0113k\u0101 laika posm\u0101, kas nor\u0101d\u012bts pie preces. Pre\u010du pieg\u0101des pakalpojuma izmaksas nav iek\u013cautas nor\u0101d\u012btaj\u0101 preces cen\u0101.<\/li>\n<li>Par pas\u016bt\u012bto preci un izv\u0113l\u0113to pieg\u0101des pakalpojumu var nor\u0113\u0137in\u0101ties izmantojot bankas p\u0101rskait\u012bjumu. Iesp\u0113jams ar\u012b nor\u0113\u0137ins preces sa\u0146em\u0161anas br\u012bd\u012b skaidr\u0101 naud\u0101 vai ar nor\u0113\u0137inu karti (tikai klientu apkalpo\u0161anas centr\u0101 Kalna iel\u0101 2, R\u012bg\u0101 ).<\/li>\n<li>Veicot pas\u016bt\u012bjumu, ir nepiecie\u0161ams nor\u0101d\u012bt e-pasta adresi, lai klientam var\u0113tu b\u016bt ats\u016bt\u012btas instrukcijas, r\u0113\u0137ins-pavadz\u012bme u.c. nepiecie\u0161am\u0101 dokument\u0101cija.<\/li>\n<li>Pas\u016btot preci pied\u0101v\u0101jam izv\u0113l\u0113ties vienu no trim preces sa\u0146em\u0161anas veidiem: bezmaksas \u2013 pas\u016bt\u012bt\u0101 prece tiek sa\u0146emta klientu apkalpo\u0161anas centr\u0101 Kalna iel\u0101 2, R\u012bg\u0101, ekonomisk\u0101 pieg\u0101de \u2013 pas\u016bt\u012bt\u0101 prece tiek sa\u0146emta pakomat\u0101 pie k\u0101da no Latvijas liel\u0101kajiem tirdzniec\u012bbas centriem, komforta pieg\u0101de \u2013 kurjeru firma pieg\u0101d\u0101 pas\u016bt\u012bto preci nor\u0101d\u012btaj\u0101 adres\u0113. Visos gad\u012bjumos preces pieg\u0101des laiks tiek saska\u0146ots pas\u016bt\u012bjuma noform\u0113\u0161anas laik\u0101. Gad\u012bjum\u0101, ja tiek pas\u016bt\u012btas vair\u0101kas preces ar pieg\u0101di, klients var sa\u0146emt visas preces kop\u0101 vai ar\u012b pa da\u013c\u0101m.<\/li>\n<li>Pas\u016bt\u012bto preci nepiecie\u0161ams sa\u0146emt tr\u012bs darba dienu laik\u0101 no br\u012b\u017ea, kad <strong>UNISAT<\/strong> pazi\u0146oja, ka pas\u016bt\u012bjums sagatavots sa\u0146em\u0161anai.<\/li>\n<li>Preces lieto\u0161anas instrukcija p\u0113c preces sa\u0146em\u0161anas tiek nos\u016bt\u012bta klientam uz e-pastu. Gad\u012bjum\u0101, ja rodas probl\u0113mas<br \/>\npastu: info@unisat.lv vai pa t\u0101lruni +371 67144248.<\/li>\n<li>Pirms s\u0101kt ieg\u0101d\u0101to preci izmantot, l\u016bdzu r\u016bp\u012bgi izlas\u012bt preces lieto\u0161anas instrukciju un preci lietot tikai saska\u0146\u0101 ar t\u0101s ra\u017eot\u0101ja nor\u0101d\u012bjumiem, atbilsto\u0161i preces \u012bpa\u0161\u012bb\u0101m un paredz\u0113tajiem lieto\u0161anas m\u0113r\u0137iem.<\/li>\n<li>Ja p\u0101rdom\u0101j\u0101t un nol\u0113m\u0101t atteikties no pirkuma, Latvijas Republikas Pat\u0113r\u0113t\u0101ju ties\u012bbu aizsardz\u012bbas likums (PTAL) un reglament\u0113jo\u0161ie Ministru Kabineta Noteikumi Nr.255 &#8220;Noteikumi par distances l\u012bgumu&#8221; (MK Noteikumi Nr. 255) nosaka, ka pirc\u0113jam ir ties\u012bbas atk\u0101pties no l\u012bguma 14 kalend\u0101ro dienu laik\u0101 un atdot interneta veikal\u0101 ieg\u0101d\u0101to preci atpaka\u013c p\u0101rdev\u0113jam. PTAL 12. panta 6. da\u013ca nosaka, ka atsakoties no pirkuma Distances l\u012bguma gad\u012bjum\u0101 &#8220;pat\u0113r\u0113t\u0101js ir atbild\u012bgs par preces kvalit\u0101tes un dro\u0161uma saglab\u0101\u0161anu atteikuma ties\u012bbu realiz\u0113\u0161anas termi\u0146\u0101&#8221;. Iesak\u0101m saglab\u0101t preces ori\u0123in\u0101lo iepakojumu, lai realiz\u0113jot atteikuma ties\u012bbas saska\u0146\u0101 ar Distances l\u012bguma noteikumiem, prece netiktu \u0101r\u0113ji meh\u0101niski boj\u0101ta. Lai vienotos par preces atdo\u0161anu atpaka\u013c, l\u016bdzam aizpild\u012bt atteikuma veidlapu un sazin\u0101ties ar mums pa e-pastu: info@unisat.lv vai pa t\u0101lruni: +371 67144248, nor\u0101dot pas\u016bt\u012bjuma numuru un datumu.  <strong>Atteikuma veidlapu lejupl\u0101d\u0113 <a href=\"https:\/\/unisat.lv\/wp-content\/uploads\/2018\/08\/atteikuma-tiesibas.pdf\">\u0161eit<\/a>.<\/strong><\/li>\n<li>Ja preces lieto\u0161anas laik\u0101 precei ir radu\u0161\u0101s tehniska rakstura probl\u0113mas, preces servisa apkalpo\u0161ana tiks veikta saska\u0146\u0101 ar Latvijas Republikas Pat\u0113r\u0113t\u0101ju ties\u012bbu aizsardz\u012bbas likuma (PTAL) norm\u0101m. Preces servisa apkalpo\u0161anas laiks ir nor\u0101d\u012bts t\u0101s aprakst\u0101. Veicot pirkumu, kop\u0101 ar preci pirc\u0113jam tiek izsniegta elektronisk\u0101 pavadz\u012bme, kur\u0101 ir norad\u012bta inform\u0101cija par konkr\u0113to pre\u010du servisa apkalpo\u0161anu. Pavadz\u012bme tiek sagatavota elektroniski un ir der\u012bga bez paraksta. Pirkuma dokumenti ir sp\u0113k\u0101 tikai tad, ja tajos pareizi un skaidri nor\u0101d\u012bts: preces modelis, s\u0113rijas numurs, p\u0101rdo\u0161anas datums. Pirkuma dokumentos aizliegts izdar\u012bt jebk\u0101das izmai\u0146as, dz\u0113st vai p\u0101rrakst\u012bt tajos nor\u0101d\u012btos datus &#8211; \u0161\u0101d\u0101 gad\u012bjum\u0101 servisa dokumenti tiks atz\u012bti p\u0101r sp\u0113k\u0101 neeso\u0161iem.<\/li>\n<li>Atg\u0101din\u0101m, ka PTAL normas neattiecas uz gad\u012bjumiem, kad preci ieg\u0101d\u0101jas juridiskas personas.<\/li>\n<li>Iev\u0113rojot Latvijas Republikas likumdo\u0161anas normas, SIA UNISAT saglab\u0101 ar pirc\u0113jiem nosl\u0113gtos pirkuma l\u012bgumus gr\u0101matved\u012bbas k\u0101rto\u0161anai nepiecie\u0161amaj\u0101 apjom\u0101, l\u012bgumus, kuri tiek sl\u0113gti ar l\u012bzinga komp\u0101nij\u0101m, saglab\u0101 attiec\u012bg\u0101s l\u012bzinga komp\u0101nijas.<\/li>\n<\/ol>\n<ol start=\"15\">\n<li>Interneta veikals UNISAT patur ties\u012bbas neapkalpot pas\u016bt\u012bjumu, ja interneta veikalam neizdodas sazin\u0101ties ar klientu pa vi\u0146a norad\u012bto t\u0101lru\u0146a numuru vai e-pastu.<\/li>\n<li>Maksim\u0101l\u0101 viena pas\u016bt\u012bjuma summa ir \u20ac2000. Ja izv\u0113laties apmaks\u0101t pas\u016bt\u012bjumu ar bankas maks\u0101jumu karti, l\u016bdzam pirms apmaksas iepaz\u012bties ar J\u016bsu bankas kartes dienas maks\u0101jumu limitiem.<\/li>\n<\/ol>\n<p>Pirkumus www.avers.lv ir iesp\u0113jams apmaks\u0101t izmantojot bankas kartes. Pirkuma naudas l\u012bdzek\u013ci tiek atgriezti taj\u0101 pa\u0161\u0101 veid\u0101 k\u0101 tika iemaks\u0101ti par pirkumu.<\/p>\n<p>Jaut\u0101jumu gad\u012bjum\u0101 var zvan\u012bt +371 26768690 vai rakst\u012bt uz e-pastu: info@unisat.lv<\/p>\n<p><strong>Priv\u0101tuma politika<\/strong><\/p>\n<p>Sabiedr\u012bba ar ierobe\u017eotu atbild\u012bbu &#8220;UNISAT&#8221;, re\u0123istr\u0101cijas numurs: 40003542424, juridisk\u0101 adrese: Kalna iela 2, R\u012bga ir uz\u0146\u0113musies pien\u0101kumu aizsarg\u0101t klientu priv\u0101tumu. Saska\u0146\u0101 ar to esam sagatavoju\u0161i Priv\u0101tuma politikas principus, kas attiecas uz klientu personas datu ieg\u016b\u0161anu, izmanto\u0161anu, public\u0113\u0161anu, nodo\u0161anu un uzglab\u0101\u0161anu. M\u016bsu darb\u012bba t\u012bmekl\u012b notiek saska\u0146\u0101 ar Latvijas Republikas likumiem, k\u0101 ar\u012b attiec\u012bgiem Eiropas Savien\u012bbas ties\u012bbu aktiem. L\u016bdzu, veltiet da\u017eas min\u016btes tam, lai iepaz\u012btos ar m\u016bsu Priv\u0101tuma politikas principiem.<\/p>\n<ol>\n<li><strong>Personas datu ieguve un izmanto\u0161ana<\/strong><\/li>\n<\/ol>\n<p>Par personas datiem uzskat\u0101mas zi\u0146as, kuras UNISAT ar priv\u0101tpersonas piekri\u0161anu no t\u0101s ieg\u016bst, lai izpild\u012btu nosl\u0113gt\u0101 l\u012bguma noteikumus vai lai turpm\u0101k sazin\u0101tos ar \u0161o priv\u0101tpersonu.<\/p>\n<p>Past\u0101v\u012bgo klientu personas datu ieg\u016b\u0161ana var notikt \u0161\u0101di:<\/p>\n<ol>\n<li>sniedzot kontaktinform\u0101ciju (tostarp par J\u016bsu v\u0101rdu, personas kodu, pasta adresi, t\u0101lru\u0146a numuru, elektronisk\u0101 pasta adresi, v\u0113lamo sazi\u0146as veidu) m\u016bsu t\u012bmek\u013ca vietn\u0113 vai cit\u0101 viet\u0101 (piem\u0113ram, veikal\u0101);<\/li>\n<li>no klienta konta t\u012bmek\u013ca vietn\u0113 www.unisat.lv vai izmantojot s\u012bkdatnes (cookies);<\/li>\n<li>veicot pirkumus vai noform\u0113jot pas\u016bt\u012bjumus m\u016bsu veikalos vai t\u012bmek\u013ca veikal\u0101, sniedzot kontaktinform\u0101ciju vai saglab\u0101jot tr\u016bksto\u0161\u0101s zi\u0146as, lai min\u0113tu v\u0113lam\u0101ko pirkuma veik\u0161anas veidu (UNISAT var piepras\u012bt br\u012bvpr\u0101t\u012bgu personas datu vai personisk\u0101s inform\u0101cijas snieg\u0161anu da\u017e\u0101s t\u012bmek\u013ca vietnes lap\u0101s. Nepiecie\u0161amie personas dati var b\u016bt J\u016bsu v\u0101rds, pasta indekss, elektronisk\u0101 pasta adrese, t\u0101lru\u0146a numurs un citas zi\u0146as);<\/li>\n<li>iesniedzot l\u016bgumu par nomaksu.<\/li>\n<\/ol>\n<ol start=\"2\">\n<li><strong>Citu zi\u0146u ieguve<\/strong><\/li>\n<\/ol>\n<p>Veicam ar\u012b anon\u012bmu zi\u0146u iev\u0101k\u0161anu, proti, zi\u0146u, kas nav attiecin\u0101mas uz k\u0101du konkr\u0113tu cilv\u0113ku (zi\u0146as par dzimumu, vecumu, domin\u0113jo\u0161o valodu, atra\u0161an\u0101s vietu) un ne\u013cauj to tie\u0161i vai netie\u0161i identific\u0113t.<\/p>\n<p>Turkl\u0101t m\u0113s varam iev\u0101kt ar\u012b visp\u0101r\u012bgas zi\u0146as par klientu darb\u012bbu m\u016bsu veikalos un t\u012bmek\u013ca vietn\u0113. \u0160\u012bs zi\u0146as tiek iev\u0101ktas un izmantotas, lai m\u0113s var\u0113tu klientiem sniegt inform\u0101ciju par to, k\u0101das preces, pakalpojumi un sada\u013cas piesaista visliel\u0101ko interesi. Visp\u0101r\u012bg\u0101s zi\u0146as \u0161aj\u0101 Priv\u0101tuma politik\u0101 tiek izmantotas k\u0101 anon\u012bmas zi\u0146as.<\/p>\n<ol start=\"3\">\n<li><strong>Ieg\u016bto klienta personas datu izmanto\u0161ana<\/strong><\/li>\n<\/ol>\n<p>Izmantojot ieg\u016btos personas datus, m\u0113s varam inform\u0113t UNISAT klientus par gaid\u0101majiem notikumiem, kampa\u0146\u0101m un jaunumiem. Klienti, kuri m\u016bsu jaun\u0101ko zi\u0146u izs\u016btni vai inform\u0101ciju par vi\u0146us, iesp\u0113jams, interes\u0113jo\u0161\u0101m prec\u0113m sa\u0146emt nev\u0113las, jebkur\u0101 laik\u0101 var dz\u0113st savu v\u0101rdu no m\u0113r\u0137auditorijas grupas saraksta. Ieg\u016btos personas datus izmantojam, ar\u012b veicot pre\u010du pieg\u0101des un pildot saist\u012bbas, kuras nosaka ar klientiem parakst\u012btie l\u012bgumi.<\/p>\n<p>Lab\u0101kai klientu apkalpo\u0161anai UNISAT inform\u0101ciju par atsevi\u0161\u0137iem klientiem var izpaust tre\u0161aj\u0101m person\u0101m, kuras sniedz pakalpojumus UNISAT un kuras saista l\u012bgums par konfidenci\u0101las inform\u0101cijas neizpau\u0161anu. Par tre\u0161aj\u0101m person\u0101m ir uzskat\u0101mi, piem\u0113ram, m\u016bsu sadarb\u012bbas partneri, kuru pien\u0101kums ir t\u012bmekl\u012b nopirkto pre\u010du pieg\u0101de vai nomaksas pakalpojuma snieg\u0161ana.<\/p>\n<ol start=\"4\">\n<li><strong>Personas datu nodo\u0161ana uz \u0101rvalst\u012bm<\/strong><\/li>\n<\/ol>\n<p>UNISAT dar\u012bs visu iesp\u0113jamo, lai nodro\u0161in\u0101tu, ka tad, ja klienta personas dati tiek nodoti uz \u0101rvalst\u012bm, tiem tiek nodro\u0161in\u0101ta atbilsto\u0161a l\u012bme\u0146a dro\u0161\u012bba.<\/p>\n<p>UNISAT ap\u0146emas neizpaust klienta personas datus organiz\u0101cijai vai k\u0101dai citai personai, kura atrodas valst\u012b, kur\u0101 netiek nodro\u0161in\u0101ts atbilsto\u0161s personas datu aizsardz\u012bbas l\u012bmenis, iz\u0146emot \u0161\u0101dus gad\u012bjumus:<\/p>\n<p>&#8211; klients tam ir piekritis;<\/p>\n<p>&#8211; personas datu nodo\u0161ana ir nepiecie\u0161ama, lai nosl\u0113gtu l\u012bgumu ar klientu vai izpild\u012btu ar klientu jau nosl\u0113gto l\u012bgumu;<\/p>\n<p>&#8211; personas datu nodo\u0161ana ir nepiecie\u0161ama, lai nosl\u0113gtu l\u012bgumu vai izpild\u012btu klienta interes\u0113s jau nosl\u0113gtu l\u012bgumu;<\/p>\n<p>&#8211; personas datu nodo\u0161ana ir at\u013cauta saska\u0146\u0101 ar piem\u0113rojamo normat\u012bvo aktu pras\u012bb\u0101m.<\/p>\n<ol start=\"5\">\n<li><strong>Ieg\u016bto klienta personas datu izmain\u012b\u0161ana<\/strong><\/li>\n<\/ol>\n<p>Klienta identific\u0113\u0161anai un sazi\u0146ai ar vi\u0146u ieg\u016btos personas datus ir iesp\u0113jams apl\u016bkot, main\u012bt un papildin\u0101t m\u016bsu t\u012bmek\u013ca vietn\u0113 www.unisat.lv, sada\u013c\u0101 Mana inform\u0101cija.<\/p>\n<p>www.unisat.lv ap\u0146emas nodro\u0161in\u0101t ieg\u016bto klienta personas datu precizit\u0101ti un pareizumu.<\/p>\n<p>Ja main\u0101s elektronisk\u0101 pasta adrese (kas tiek izmantota k\u0101 klienta paz\u012bme autoriz\u0101cijai www.unisat.lv t\u012bmek\u013ca vietn\u0113), l\u016bdzam m\u016bs par to inform\u0113t, jo klients to nevar main\u012bt pats.<\/p>\n<ol start=\"6\">\n<li><strong>Klienta personas datu aizsardz\u012bba<\/strong><\/li>\n<\/ol>\n<p>www.unisat.lv veic visus iesp\u0113jamos dro\u0161\u012bbas pas\u0101kumus (tostarp administrat\u012bvos, tehniskos un fiziskos), lai aizsarg\u0101tu klientu personas datus. Piek\u013cuve datu apstr\u0101des un izmain\u012b\u0161anas funkcij\u0101m ir tikai pilnvarot\u0101m person\u0101m.<\/p>\n<ol start=\"7\">\n<li><strong>Piek\u013cuve klientu personas datiem<\/strong><\/li>\n<\/ol>\n<p>Klientam, iesniedzot rakstveida pamatotu piepras\u012bjumu, ir ties\u012bbas sa\u0146emt \u0161\u0101du inform\u0101ciju:<\/p>\n<p>&#8211; k\u0101das zi\u0146as par klientu ir ieg\u016btas, datu ieguves avots, kad main\u012bta datos iek\u013caut\u0101 inform\u0101cija (ja normat\u012bvie akti to at\u013cauj);<\/p>\n<p>&#8211; k\u0101dam m\u0113r\u0137im veikta personas datu apstr\u0101de, zi\u0146as par personas datu sa\u0146\u0113m\u0113jiem;<\/p>\n<p>&#8211; inform\u0101ciju par to, vai dati tiku\u0161i apstr\u0101d\u0101ti automatiz\u0113ti.<\/p>\n<ol start=\"8\">\n<li><strong>Dro\u0161\u012bba<\/strong><\/li>\n<\/ol>\n<p>Visi klientu personas dati, kas k\u013cuvu\u0161i zin\u0101mi www.unisat.lv t\u012bmek\u013ca veikala apmekl\u0113juma laik\u0101 un veicot pirkumus taj\u0101, ir uzskat\u0101mi par konfidenci\u0101lu inform\u0101ciju.<\/p>\n<p>\u0160ifr\u0113tais kan\u0101ls datu nodo\u0161anai starp bank\u0101m nodro\u0161ina pirc\u0113ja personas datu un banku rekviz\u012btu dro\u0161\u012bbu.<\/p>\n<p>Lai aizsarg\u0101tu klienta intereses, m\u0113s nodro\u0161in\u0101m:<\/p>\n<p>&#8211; god\u012bgu un likumisku personas datu apstr\u0101di;<\/p>\n<p>&#8211; personas datu apstr\u0101di tikai atbilsto\u0161i min\u0113tajam nol\u016bkam un nepiecie\u0161amaj\u0101 apm\u0113r\u0101;<\/p>\n<p>&#8211; t\u0101du personas datu uzglab\u0101\u0161anas veidu, kas nodro\u0161ina iesp\u0113ju identific\u0113t klientu jebkur\u0101 attiec\u012bgaj\u0101 br\u012bd\u012b, kur\u0161 nep\u0101rsniedz s\u0101kotn\u0113ji nor\u0101d\u012btajam datu apstr\u0101des nol\u016bkam paredz\u0113to periodu;<\/p>\n<p>&#8211; prec\u012bzu personas datu apstr\u0101di un to savlaic\u012bgu atjaunin\u0101\u0161anu, labo\u0161anu vai dz\u0113\u0161anu, ja personas dati ir nepiln\u012bgi vai neprec\u012bzi.<\/p>\n<p>Klientam ir ties\u012bbas pamatoti piepras\u012bt, lai vi\u0146a personas dati tiktu papildin\u0101ti, laboti, k\u0101 ar\u012b lai personas datu apstr\u0101de tiktu izbeigta vai dati tiktu dz\u0113sti, ja tie ir novecoju\u0161i, nepiln\u012bgi, nepatiesi, pretlikum\u012bgi apstr\u0101d\u0101ti vai vairs neatbilst s\u0101kotn\u0113ji min\u0113tajam datu apstr\u0101des nol\u016bkam.<\/p>\n<ol start=\"9\">\n<li><strong>Priv\u0101tuma politikas noteikumi un groz\u012bjumi<\/strong><\/li>\n<\/ol>\n<p>M\u0113s pie\u0146emam, ka pirms m\u016bsu t\u012bmek\u013ca vietnes izmanto\u0161anas vai aizpildot l\u016bgumu k\u013c\u016bt par past\u0101v\u012bgo klientu, J\u016bs esat izlas\u012bju\u0161i m\u016bsu Priv\u0101tuma politikas principus un noteikumus, k\u0101 ar\u012b esat akcept\u0113ju\u0161i tos. M\u0113s paturam sev ties\u012bbas veikt groz\u012bjumus Priv\u0101tuma politikas galvenajos nosac\u012bjumos, inform\u0113jot par to visus past\u0101v\u012bgos klientus.<\/p>\n<p>Visu ar Priv\u0101tuma politiku vai datu apstr\u0101di saist\u012bto jaut\u0101jumu un probl\u0113mu risin\u0101\u0161anai, k\u0101 ar\u012b gad\u012bjumos, kad klients v\u0113las atteikties no komercpazi\u0146ojumu sa\u0146em\u0161anas vai piln\u012bb\u0101 dz\u0113st savus datus no sava profila, l\u016bdzam sazin\u0101ties ar mums, izmantojot elektronisk\u0101 pasta adresi info@unisat.lv<a href=\"mailto:info@unisat.lv\">.<\/a><\/p>\n<p>PIEG\u0100DE<\/p>\n<p>www.unisat.lv internetveikals saviem klientiem sniedz tr\u012bs pre\u010du pieg\u0101des iesp\u0113jas:<\/p>\n<ol>\n<li>Izv\u0113loties sa\u0146emt preci Omniva pakom\u0101t\u0101 pieg\u0101de vis\u0101 Latvijas teritorij\u0101 EUR<\/li>\n<\/ol>\n<p>S \u2013 38cmx64cmx9cm l\u012bdz 30kg \u2013 2,80<\/p>\n<p>M \u2013 38cmx64cmx19cm l\u012bdz 30kg \u2013 3,40<\/p>\n<p>L \u2013 38cmx64cmx39cm l\u012bdz 30 kg \u2013 4,-<\/p>\n<ol start=\"2\">\n<li>Ekspress pieg\u0101di ar www.unisat.lv kurjeru R\u012bgas teritorij\u0101 ieg\u0101des dien\u0101.<\/li>\n<\/ol>\n<p>* Ekspress pieg\u0101des cena ir EUR 15.00. Par pieg\u0101des iesp\u0113jam\u012bbu tai pa\u0161\u0101 dien\u0101 konsult\u0113jaties ar apkalpojo\u0161o person\u0101lu, jo t\u0101 ir atkar\u012bga no kurjera aiz\u0146emt\u012bbas un J\u016bsu izv\u0113l\u0113to pre\u010du pieejam\u012bbas.<\/p>\n<p>Kurjers nodro\u0161ina preces pieg\u0101di l\u012bdz m\u0101jas durv\u012bm.<\/p>\n<p>Ja prece ir uz vietas Latvijas noliktav\u0101, tad pieg\u0101de ir no 1-2 darba dienu laik\u0101 vis\u0101 Latvijas teritorij\u0101!<\/p>\n<p>Ja prece pieejama p\u0113c pas\u016bt\u012bjuma un nav uz vietas Latvijas noliktav\u0101, tad pieg\u0101des termi\u0146\u0161 var b\u016bt l\u012bdz 14 dien\u0101m!<\/p>\n<p>Da\u017e\u0101m prec\u0113m pieg\u0101des laiks var b\u016bt ar\u012b ilg\u0101ks.<\/p>\n<p>Kurjers nodro\u0161ina preces pieg\u0101di l\u012bdz m\u0101jas durv\u012bm.<\/p>","protected":false},"excerpt":{"rendered":"<p>DRO\u0160\u012aBA Dro\u0161\u012bbas politik\u0101 ir aprakst\u012bts, k\u0101 SIA &#8220;UNISAT&#8221; izmanto un aizsarg\u0101 inform\u0101ciju, kuru J\u016bs sniedzat re\u0123istr\u0113joties vai izmantojot pakalpojumus interneta veikal\u0101. Kad SIA &#8220;UNISAT&#8221; l\u016bdz J\u016bs nor\u0101d\u012bt jebk\u0101du inform\u0101ciju, t\u0101 tiek izmantota, apstr\u0101d\u0101ta un uzglab\u0101ta atbilsto\u0161i m\u016bsu dro\u0161ibas politikai. K\u013c\u016bstot par re\u0123istr\u0113tu lietot\u0101ju, J\u016bs piekr\u012btat to datu apstr\u0101dei, ko sniedzat re\u0123istr\u0113joties un izmantojot m\u016bsu pakalpojumus. [&hellip;]<\/p>\n","protected":false},"author":1,"featured_media":0,"parent":0,"menu_order":0,"comment_status":"closed","ping_status":"closed","template":"","meta":[],"_links":{"self":[{"href":"https:\/\/unisat.lv\/ru\/wp-json\/wp\/v2\/pages\/7500"}],"collection":[{"href":"https:\/\/unisat.lv\/ru\/wp-json\/wp\/v2\/pages"}],"about":[{"href":"https:\/\/unisat.lv\/ru\/wp-json\/wp\/v2\/types\/page"}],"author":[{"embeddable":true,"href":"https:\/\/unisat.lv\/ru\/wp-json\/wp\/v2\/users\/1"}],"replies":[{"embeddable":true,"href":"https:\/\/unisat.lv\/ru\/wp-json\/wp\/v2\/comments?post=7500"}],"version-history":[{"count":1,"href":"https:\/\/unisat.lv\/ru\/wp-json\/wp\/v2\/pages\/7500\/revisions"}],"predecessor-version":[{"id":10092,"href":"https:\/\/unisat.lv\/ru\/wp-json\/wp\/v2\/pages\/7500\/revisions\/10092"}],"wp:attachment":[{"href":"https:\/\/unisat.lv\/ru\/wp-json\/wp\/v2\/media?parent=7500"}],"curies":[{"name":"wp","href":"https:\/\/api.w.org\/{rel}","templated":true}]}}