{"id":971,"date":"2016-08-31T20:09:47","date_gmt":"2016-08-31T18:09:47","guid":{"rendered":"http:\/\/unisat2.garm.lv\/?page_id=971"},"modified":"2018-05-08T16:22:44","modified_gmt":"2018-05-08T14:22:44","slug":"company","status":"publish","type":"page","link":"https:\/\/unisat.lv\/lv\/company\/","title":{"rendered":"Par komp\u0101niju"},"content":{"rendered":"<p>[vc_row][vc_column][vc_single_image image=&#8221;8601&#8243; img_size=&#8221;full&#8221;][\/vc_column][\/vc_row][vc_row][vc_column width=&#8221;1\/6&#8243;][\/vc_column][vc_column width=&#8221;4\/6&#8243;]<section id=\"mainparameters\" class=\"porto-section\"><div class=\" container\"><div id=\"ultimate-heading-236969e78210a4d06\" class=\"uvc-heading ult-adjust-bottom-margin ultimate-heading-236969e78210a4d06 uvc-1382 \" data-hspacer=\"no_spacer\"  data-halign=\"center\" style=\"text-align:center\"><div class=\"uvc-heading-spacer no_spacer\" style=\"top\"><\/div><div class=\"uvc-sub-heading ult-responsive\"  data-ultimate-target='.uvc-heading.ultimate-heading-236969e78210a4d06 .uvc-sub-heading '  data-responsive-json-new='{\"font-size\":\"desktop:27px;\",\"line-height\":\"desktop:36px;\"}'  style=\"font-weight:normal;\">SIA \u201cUNISAT\u201d ir komp\u0101nija ar vair\u0101k nek\u0101 20 gadu pieredzi instal\u0101cijas un telekomunik\u0101cijas iek\u0101rtu p\u0101rdo\u0161anas jom\u0101. \u0160o gadu laik\u0101 ir realiz\u0113ti t\u016bksto\u0161iem da\u017e\u0101das sare\u017e\u0123\u012bt\u012bbas projektu, taj\u0101 skait\u0101 desmitiem unik\u0101lu risin\u0101jumu.<\/div><\/div><div id=\"ultimate-heading-540869e78210a4e1a\" class=\"uvc-heading ult-adjust-bottom-margin ultimate-heading-540869e78210a4e1a uvc-9546 \" data-hspacer=\"image_only\"  data-halign=\"left\" style=\"text-align:left\"><div class=\"uvc-main-heading ult-responsive\"  data-ultimate-target='.uvc-heading.ultimate-heading-540869e78210a4e1a h1'  data-responsive-json-new='{\"font-size\":\"\",\"line-height\":\"\"}' ><h1 style=\"font-family:'Rubik';font-weight:300;margin-top:40px;\">Komp\u0101nija<\/h1><\/div><div class=\"uvc-heading-spacer image_only\" style=\"top\"><img src=\"https:\/\/unisat.lv\/wp-content\/uploads\/2016\/06\/header-1.png\" class=\"ultimate-headings-icon-image\" alt=\"null\" style=\"width:70px\"\/><\/div><\/div>[vc_column_text]Kop\u0161 dibin\u0101\u0161anas 2001. gad\u0101, uz\u0146\u0113mums pied\u0101v\u0101 realiz\u0113t priv\u0101tus, juridiskus un valsts m\u0113roga projektus. \u0160obr\u012bd komp\u0101nija ir l\u012bderis satel\u012bta un virszemes telev\u012bzijas instal\u0101cijas un apr\u012bko\u0161anas, k\u0101 ar\u012b da\u017e\u0101du sare\u017e\u0123\u012bt\u012bbas pak\u0101pju telev\u012bzijas t\u012bklu jom\u0101.<\/p>\n<p>Komp\u0101niju raksturo konkur\u0113tsp\u0113j\u012bgas cenas, kvalitat\u012bvas preces, profesion\u0101li un pieredz\u0113ju\u0161i mont\u0101\u017enieki, projektu uzraudz\u012b\u0161anas sist\u0113ma, atsauc\u012bgs person\u0101ls un garantijas.[\/vc_column_text]<div id=\"ultimate-heading-453569e78210a4f19\" class=\"uvc-heading ult-adjust-bottom-margin ultimate-heading-453569e78210a4f19 uvc-8004 \" data-hspacer=\"image_only\"  data-halign=\"left\" style=\"text-align:left\"><div class=\"uvc-main-heading ult-responsive\"  data-ultimate-target='.uvc-heading.ultimate-heading-453569e78210a4f19 h2'  data-responsive-json-new='{\"font-size\":\"\",\"line-height\":\"\"}' ><h2 style=\"font-family:'Rubik';font-weight:300;\">Partneri<\/h2><\/div><div class=\"uvc-heading-spacer image_only\" style=\"top\"><img src=\"https:\/\/unisat.lv\/wp-content\/uploads\/2016\/06\/header-1.png\" class=\"ultimate-headings-icon-image\" alt=\"null\" style=\"width:70px\"\/><\/div><\/div>[vc_column_text]Komp\u0101nija sadarbojas gan ar iek\u0101rto ra\u017eot\u0101jiem, gan ar lieliem un vid\u0113jiem izplat\u012bt\u0101jiem. Uz \u0161o br\u012bdi m\u016bsu preces tiek pied\u0101v\u0101tas vair\u0101k nek\u0101 250 l\u012bderu veikalos, starp kuriem ir t\u0101di veikali k\u0101 Elkor, Rimi, RD Electronics, 220.lv, Cenu Klubs un citi.<\/p>\n<p>Ja ir v\u0113lme sadarboties ar mums, m\u0113s esam gatavi pied\u0101v\u0101t lab\u0101k\u0101s cenas un kvalitat\u012bvas preces. [\/vc_column_text]<\/div><\/section>[\/vc_column][vc_column width=&#8221;1\/6&#8243;][\/vc_column][\/vc_row][vc_column][\/vc_column][vc_row][vc_column][vc_empty_space height=&#8221;50&#8243;][\/vc_column][\/vc_row]<\/p>","protected":false},"excerpt":{"rendered":"<p>[vc_row][vc_column][vc_single_image image=&#8221;8601&#8243; img_size=&#8221;full&#8221;][\/vc_column][\/vc_row][vc_row][vc_column width=&#8221;1\/6&#8243;][\/vc_column][vc_column width=&#8221;4\/6&#8243;][\/vc_column][vc_column width=&#8221;1\/6&#8243;][\/vc_column][\/vc_row][vc_column][\/vc_column][vc_row][vc_column][vc_empty_space height=&#8221;50&#8243;][\/vc_column][\/vc_row]<\/p>\n","protected":false},"author":1,"featured_media":0,"parent":0,"menu_order":0,"comment_status":"closed","ping_status":"closed","template":"","meta":[],"_links":{"self":[{"href":"https:\/\/unisat.lv\/lv\/wp-json\/wp\/v2\/pages\/971"}],"collection":[{"href":"https:\/\/unisat.lv\/lv\/wp-json\/wp\/v2\/pages"}],"about":[{"href":"https:\/\/unisat.lv\/lv\/wp-json\/wp\/v2\/types\/page"}],"author":[{"embeddable":true,"href":"https:\/\/unisat.lv\/lv\/wp-json\/wp\/v2\/users\/1"}],"replies":[{"embeddable":true,"href":"https:\/\/unisat.lv\/lv\/wp-json\/wp\/v2\/comments?post=971"}],"version-history":[{"count":0,"href":"https:\/\/unisat.lv\/lv\/wp-json\/wp\/v2\/pages\/971\/revisions"}],"wp:attachment":[{"href":"https:\/\/unisat.lv\/lv\/wp-json\/wp\/v2\/media?parent=971"}],"curies":[{"name":"wp","href":"https:\/\/api.w.org\/{rel}","templated":true}]}}