{"id":206,"date":"2016-06-20T09:20:10","date_gmt":"2016-06-20T06:20:10","guid":{"rendered":"http:\/\/sw-themes.com\/porto_dummy\/wishlist\/"},"modified":"2018-09-14T08:31:03","modified_gmt":"2018-09-14T06:31:03","slug":"wishlist","status":"publish","type":"page","link":"https:\/\/unisat.lv\/lv\/wishlist\/","title":{"rendered":"Velmju saraksts"},"content":{"rendered":"<div id=\"yith-wcwl-messages\"><\/div>\n\n\n<form id=\"yith-wcwl-form\" action=\"https:\/\/unisat.lv\/lv\/wishlist\/view\/\" method=\"post\">\n\n    <div class=\"featured-box align-left m-t\"><div class=\"box-content\">\n        <!-- TITLE -->\n                    <div class=\"wishlist-title wishlist-title-with-form\">\n                <h2>Mani favor\u012bti port\u0101l\u0101 Dipah<\/h2>                                    <a class=\"btn button show-title-form\">\n                        <i class=\"fa fa-pencil\"><\/i>                        Edit title                    <\/a>\n                            <\/div>\n                            <div class=\"hidden-title-form\">\n                    <input type=\"text\" value=\"Mani favor\u012bti port\u0101l\u0101 Dipah\" name=\"wishlist_name\"\/>\n                    <button>\n                        <i class=\"fa fa-check\"><\/i>                        Save                    <\/button>\n                    <a class=\"hide-title-form btn button\">\n                        <i class=\"fa fa-remove\"><\/i>                        Cancel                    <\/a>\n                <\/div>\n                    \n        <!-- WISHLIST TABLE -->\n        <table class=\"shop_table responsive cart wishlist_table\" cellspacing=\"0\" data-pagination=\"no\" data-per-page=\"5\" data-page=\"1\" data-id=\"0\">\n            <thead>\n            <tr>\n                                <th class=\"product-remove\"><\/th>\n                \n                <th class=\"product-thumbnail\"><\/th>\n\n                <th class=\"product-name\">\n                    <span class=\"nobr\">Product Name<\/span>\n                <\/th>\n\n                                    <th class=\"product-price\">\n                        <span class=\"nobr\">\n                            Unit Price                        <\/span>\n                    <\/th>\n                \n                                    <th class=\"product-stock-stauts\">\n                        <span class=\"nobr\">\n                            Stock Status                        <\/span>\n                    <\/th>\n                \n                                    <th class=\"product-add-to-cart\"><\/th>\n                            <\/tr>\n            <\/thead>\n\n            <tbody>\n                            <tr class=\"pagination-row\">\n                    <td colspan=\"6\" class=\"wishlist-empty\">No products were added to the wishlist<\/td>\n                <\/tr>\n                        <\/tbody>\n\n            \n        <\/table>\n\n        <input type=\"hidden\" id=\"yith_wcwl_edit_wishlist\" name=\"yith_wcwl_edit_wishlist\" value=\"0abd60ba2b\" \/><input type=\"hidden\" name=\"_wp_http_referer\" value=\"\/lv\/wp-json\/wp\/v2\/pages\/206\" \/>\n                    <input type=\"hidden\" value=\"\" name=\"wishlist_id\" id=\"wishlist_id\">\n        \n            <\/div>\n<\/form>\n\n","protected":false},"excerpt":{"rendered":"Mani favor\u012bti port\u0101l\u0101 Dipah Edit title Save Cancel Product Name Unit Price Stock Status No products were added to the wishlist","protected":false},"author":1,"featured_media":0,"parent":0,"menu_order":0,"comment_status":"closed","ping_status":"closed","template":"","meta":[],"_links":{"self":[{"href":"https:\/\/unisat.lv\/lv\/wp-json\/wp\/v2\/pages\/206"}],"collection":[{"href":"https:\/\/unisat.lv\/lv\/wp-json\/wp\/v2\/pages"}],"about":[{"href":"https:\/\/unisat.lv\/lv\/wp-json\/wp\/v2\/types\/page"}],"author":[{"embeddable":true,"href":"https:\/\/unisat.lv\/lv\/wp-json\/wp\/v2\/users\/1"}],"replies":[{"embeddable":true,"href":"https:\/\/unisat.lv\/lv\/wp-json\/wp\/v2\/comments?post=206"}],"version-history":[{"count":1,"href":"https:\/\/unisat.lv\/lv\/wp-json\/wp\/v2\/pages\/206\/revisions"}],"predecessor-version":[{"id":10326,"href":"https:\/\/unisat.lv\/lv\/wp-json\/wp\/v2\/pages\/206\/revisions\/10326"}],"wp:attachment":[{"href":"https:\/\/unisat.lv\/lv\/wp-json\/wp\/v2\/media?parent=206"}],"curies":[{"name":"wp","href":"https:\/\/api.w.org\/{rel}","templated":true}]}}