{"id":143,"date":"2016-06-20T07:48:11","date_gmt":"2016-06-20T07:48:11","guid":{"rendered":"http:\/\/sw-themes.com\/porto_dummy\/?page_id=143"},"modified":"2022-07-29T15:24:44","modified_gmt":"2022-07-29T13:24:44","slug":"home6","status":"publish","type":"page","link":"https:\/\/unisat.lv\/lv\/","title":{"rendered":"M\u0101jaslapa"},"content":{"rendered":"<p>[vc_row full_width=&#8221;stretch_row_content_no_spaces&#8221;][vc_column][rev_slider_vc alias=&#8221;unisat-home-1-lat&#8221; el_class=&#8221;m-b-none&#8221;][\/vc_column][\/vc_row][vc_row css=&#8221;.vc_custom_1519053449108{margin-top: 100px !important;}&#8221;][vc_column][vc_row_inner][vc_column_inner width=&#8221;1\/2&#8243;]<div id=\"ultimate-heading-801969fcb91690d2f\" class=\"uvc-heading ult-adjust-bottom-margin ultimate-heading-801969fcb91690d2f uvc-8895 \" data-hspacer=\"image_only\"  data-halign=\"left\" style=\"text-align:left\"><div class=\"uvc-main-heading ult-responsive\"  data-ultimate-target='.uvc-heading.ultimate-heading-801969fcb91690d2f h2'  data-responsive-json-new='{\"font-size\":\"\",\"line-height\":\"\"}' ><h2 style=\"font-family:'Rubik';font-weight:300;\">Komp\u0101nija<\/h2><\/div><div class=\"uvc-heading-spacer image_only\" style=\"top\"><img src=\"https:\/\/unisat.lv\/wp-content\/uploads\/2016\/06\/header-1.png\" class=\"ultimate-headings-icon-image\" alt=\"null\" style=\"width:70px\"\/><\/div><\/div>[vc_column_text css=&#8221;.vc_custom_1526452503510{margin-top: 20px !important;margin-right: 50px !important;}&#8221;]SIA \u201cUNISAT\u201d ir uz\u0146\u0113mums ar vair\u0101k nek\u0101 20 gadu pieredzi instal\u0101cijas un telekomunik\u0101cijas iek\u0101rtu p\u0101rdo\u0161anas jom\u0101. \u0160o gadu laik\u0101 ir realiz\u0113ti t\u016bksto\u0161iem da\u017e\u0101das sare\u017e\u0123\u012bt\u012bbas projektu, taj\u0101 skait\u0101 desmitiem unik\u0101lu risin\u0101jumu.<\/p>\n<p>M\u0113s pied\u0101v\u0101jam pilnu pakalpojumu kompleksu: projekt\u0113\u0161anu, mont\u0101\u017eu un da\u017e\u0101du v\u0101jstr\u0101vas t\u012bklu apkalpo\u0161anu. Papildus ir pieejami \u201cGudr\u0101s m\u0101jas\u201d risin\u0101jumi, jaun\u0101k\u0101s videonov\u0113ro\u0161anas sist\u0113mas un rekl\u0101mas\/inform\u0101cijas att\u0113lojo\u0161as videosienas.<\/p>\n<p>Uz\u0146\u0113mums ir atv\u0113rts sadarb\u012bbai ar gan Latvijas, gan \u0101rzemju komp\u0101nij\u0101m B2B biznesa model\u012b.[\/vc_column_text][\/vc_column_inner][vc_column_inner width=&#8221;1\/2&#8243;]<div id=\"ultimate-heading-749169fcb91690e50\" class=\"uvc-heading ult-adjust-bottom-margin ultimate-heading-749169fcb91690e50 uvc-8250 \" data-hspacer=\"image_only\"  data-halign=\"left\" style=\"text-align:left\"><div class=\"uvc-main-heading ult-responsive\"  data-ultimate-target='.uvc-heading.ultimate-heading-749169fcb91690e50 h2'  data-responsive-json-new='{\"font-size\":\"\",\"line-height\":\"\"}' ><h2 style=\"font-family:'Rubik';font-weight:300;\">Pakalpojumi<\/h2><\/div><div class=\"uvc-heading-spacer image_only\" style=\"top\"><img src=\"https:\/\/unisat.lv\/wp-content\/uploads\/2016\/06\/header-1.png\" class=\"ultimate-headings-icon-image\" alt=\"null\" style=\"width:70px\"\/><\/div><\/div><div class=\"uavc-list-icon uavc-list-icon-wrapper ult-adjust-bottom-margin   vc_custom_1519115064600  vc_custom_1519115064600\"><ul class=\"uavc-list\"><li><div class=\"uavc-list-content\" id=\"list-icon-wrap-7671\">\n<div class=\"uavc-list-icon  \" data-animation=\"\" data-animation-delay=\"03\" style=\"margin-right:10px;\"><div class=\"ult-just-icon-wrapper  \"><div class=\"align-icon\" style=\"text-align:center;\">\n<div class=\"aio-icon none \"  style=\"color:#cccccc;font-size:20px;display:inline-block;\">\n\t<i class=\"Defaults-circle\"><\/i>\n<\/div><\/div><\/div>\n<\/div><span  data-ultimate-target='#list-icon-wrap-7671 .uavc-list-desc'  data-responsive-json-new='{\"font-size\":\"\",\"line-height\":\"\"}'  class=\"uavc-list-desc ult-responsive\" style=\"\">Pilna satel\u012bta antenas uzst\u0101d\u012b\u0161ana<\/span><\/div><\/li><li><div class=\"uavc-list-content\" id=\"list-icon-wrap-5140\">\n<div class=\"uavc-list-icon  \" data-animation=\"\" data-animation-delay=\"03\" style=\"margin-right:10px;\"><div class=\"ult-just-icon-wrapper  \"><div class=\"align-icon\" style=\"text-align:center;\">\n<div class=\"aio-icon none \"  style=\"color:#cccccc;font-size:20px;display:inline-block;\">\n\t<i class=\"Defaults-circle\"><\/i>\n<\/div><\/div><\/div>\n<\/div><span  data-ultimate-target='#list-icon-wrap-5140 .uavc-list-desc'  data-responsive-json-new='{\"font-size\":\"\",\"line-height\":\"\"}'  class=\"uavc-list-desc ult-responsive\" style=\"\">Sist\u0113ma \u201cGudr\u0101 M\u0101ja\u201d<\/span><\/div><\/li><li><div class=\"uavc-list-content\" id=\"list-icon-wrap-2469\">\n<div class=\"uavc-list-icon  \" data-animation=\"\" data-animation-delay=\"03\" style=\"margin-right:10px;\"><div class=\"ult-just-icon-wrapper  \"><div class=\"align-icon\" style=\"text-align:center;\">\n<div class=\"aio-icon none \"  style=\"color:#cccccc;font-size:20px;display:inline-block;\">\n\t<i class=\"Defaults-circle\"><\/i>\n<\/div><\/div><\/div>\n<\/div><span  data-ultimate-target='#list-icon-wrap-2469 .uavc-list-desc'  data-responsive-json-new='{\"font-size\":\"\",\"line-height\":\"\"}'  class=\"uavc-list-desc ult-responsive\" style=\"\">IP videonov\u0113ro\u0161anas sist\u0113mas HD kvalit\u0101t\u0113<\/span><\/div><\/li><li><div class=\"uavc-list-content\" id=\"list-icon-wrap-2030\">\n<div class=\"uavc-list-icon  \" data-animation=\"\" data-animation-delay=\"03\" style=\"margin-right:10px;\"><div class=\"ult-just-icon-wrapper  \"><div class=\"align-icon\" style=\"text-align:center;\">\n<div class=\"aio-icon none \"  style=\"color:#cccccc;font-size:20px;display:inline-block;\">\n\t<i class=\"Defaults-circle\"><\/i>\n<\/div><\/div><\/div>\n<\/div><span  data-ultimate-target='#list-icon-wrap-2030 .uavc-list-desc'  data-responsive-json-new='{\"font-size\":\"\",\"line-height\":\"\"}'  class=\"uavc-list-desc ult-responsive\" style=\"\">Jebkura izm\u0113ra videosienas instal\u0101cija<\/span><\/div><\/li><li><div class=\"uavc-list-content\" id=\"list-icon-wrap-3020\">\n<div class=\"uavc-list-icon  \" data-animation=\"\" data-animation-delay=\"03\" style=\"margin-right:10px;\"><div class=\"ult-just-icon-wrapper  \"><div class=\"align-icon\" style=\"text-align:center;\">\n<div class=\"aio-icon none \"  style=\"color:#cccccc;font-size:20px;display:inline-block;\">\n\t<i class=\"Defaults-circle\"><\/i>\n<\/div><\/div><\/div>\n<\/div><span  data-ultimate-target='#list-icon-wrap-3020 .uavc-list-desc'  data-responsive-json-new='{\"font-size\":\"\",\"line-height\":\"\"}'  class=\"uavc-list-desc ult-responsive\" style=\"\">Bezvadu apsardzes sist\u0113mas dz\u012bvojam\u0101m m\u0101j\u0101m<\/span><\/div><\/li><\/ul><\/div><div class=\"ult-content-box-container \" >\t\t<div class=\"ult-content-box\" style=\"box-shadow: px px px px none;-webkit-transition: all 700ms ease;-moz-transition: all 700ms ease;-ms-transition: all 700ms ease;-o-transition: all 700ms ease;transition: all 700ms ease;\"  data-hover_box_shadow=\"none\"    ><div class=\"ult-just-icon-wrapper   vc_custom_1539175797939\"><div class=\"align-icon\" style=\"text-align:left;\">\n<a class=\"aio-tooltip 69fcb91691484\" href = \"https:\/\/unisat.lv\/services\/hotel-tv-system\/\" target='' data-toggle=\"tooltip\" data-placement=\"\" title=\"\"><div class=\"aio-icon-img \" style=\"font-size:150px;\" data-animation=\"fadeInUp\" data-animation-delay=\"03\">\n\t<img class=\"img-icon\" alt=\"null\" src=\"https:\/\/unisat.lv\/wp-content\/uploads\/2018\/10\/wisi-link-1.jpg\"\/>\n<\/div><\/a><\/div><\/div>[vc_btn title=&#8221;TV sist\u0113mas viesn\u012bc\u0101m&#8221; style=&#8221;custom&#8221; custom_background=&#8221;#0984e3&#8243; custom_text=&#8221;#ffffff&#8221; shape=&#8221;round&#8221; size=&#8221;lg&#8221; align=&#8221;left&#8221; i_align=&#8221;right&#8221; i_icon_fontawesome=&#8221;fa fa-angle-right&#8221; scale=&#8221;scale-2&#8243; link=&#8221;url:https%3A%2F%2Funisat.lv%2Flv%2Fservices%2Fhotel-tv-system%2F|||&#8221; add_icon=&#8221;true&#8221; css=&#8221;.vc_custom_1539175316079{margin-top: -25px !important;}&#8221;]\t\t<\/div><\/div>[\/vc_column_inner][\/vc_row_inner][vc_separator style=&#8221;solid&#8221; css=&#8221;.vc_custom_1519120957456{margin-top: 50px !important;}&#8221;][\/vc_column][\/vc_row][vc_row css=&#8221;.vc_custom_1519120980310{margin-top: 50px !important;}&#8221;][vc_column]<div id=\"ultimate-heading-230369fcb91691ce6\" class=\"uvc-heading ult-adjust-bottom-margin ultimate-heading-230369fcb91691ce6 uvc-2222 \" data-hspacer=\"image_only\"  data-halign=\"left\" style=\"text-align:left\"><div class=\"uvc-main-heading ult-responsive\"  data-ultimate-target='.uvc-heading.ultimate-heading-230369fcb91691ce6 h2'  data-responsive-json-new='{\"font-size\":\"\",\"line-height\":\"\"}' ><h2 style=\"font-family:'Rubik';font-weight:300;\">Projekti<\/h2><\/div><div class=\"uvc-heading-spacer image_only\" style=\"top\"><img src=\"https:\/\/unisat.lv\/wp-content\/uploads\/2016\/06\/header-1.png\" class=\"ultimate-headings-icon-image\" alt=\"null\" style=\"width:70px\"\/><\/div><\/div>[vc_row_inner css=&#8221;.vc_custom_1519032551598{margin-top: 20px !important;}&#8221;][vc_column_inner width=&#8221;1\/6&#8243;]<div class=\"aio-icon-component    style_3\"><a class=\"aio-icon-box-link\" href=\"https:\/\/unisat.lv\/lv\/projects\/malpils-muiza\/\" ><div id=\"Info-box-wrap-7594\" class=\"aio-icon-box top-icon\" style=\"\"  ><div class=\"aio-icon-top\"><div class=\"ult-just-icon-wrapper  \"><div class=\"align-icon\" style=\"text-align:center;\">\n<div class=\"aio-icon-img \" style=\"font-size:150px;display:inline-block;\" >\n\t<img class=\"img-icon\" alt=\"M\u0101lpils Mui\u017ea\" src=\"https:\/\/unisat.lv\/wp-content\/uploads\/2016\/06\/malpilsmuiza.jpg\"\/>\n<\/div><\/div><\/div><\/div><div class=\"aio-icon-header\" ><h3 class=\"aio-icon-title ult-responsive\"  data-ultimate-target='#Info-box-wrap-7594 .aio-icon-title'  data-responsive-json-new='{\"font-size\":\"\",\"line-height\":\"\"}'  style=\"\">M\u0101lpils Mui\u017ea<\/h3><\/div> <!-- header --><div class=\"aio-icon-description ult-responsive\"  data-ultimate-target='#Info-box-wrap-7594 .aio-icon-description'  data-responsive-json-new='{\"font-size\":\"\",\"line-height\":\"\"}'  style=\"color:#777777;\">Viesn\u012bcas telev\u012bzijas sist\u0113ma<\/div> <!-- description --><\/div> <!-- aio-icon-box --><\/a><\/div> <!-- aio-icon-component -->[\/vc_column_inner][vc_column_inner width=&#8221;1\/6&#8243;]<div class=\"aio-icon-component    style_3\"><a class=\"aio-icon-box-link\" href=\"https:\/\/unisat.lv\/lv\/projects\/tal_residence\/\" ><div id=\"Info-box-wrap-9923\" class=\"aio-icon-box top-icon\" style=\"\"  ><div class=\"aio-icon-top\"><div class=\"ult-just-icon-wrapper  \"><div class=\"align-icon\" style=\"text-align:center;\">\n<div class=\"aio-icon-img \" style=\"font-size:150px;display:inline-block;\" >\n\t<img class=\"img-icon\" alt=\"Tal residence\" src=\"https:\/\/unisat.lv\/wp-content\/uploads\/2016\/06\/talresidence.jpg\"\/>\n<\/div><\/div><\/div><\/div><div class=\"aio-icon-header\" ><h3 class=\"aio-icon-title ult-responsive\"  data-ultimate-target='#Info-box-wrap-9923 .aio-icon-title'  data-responsive-json-new='{\"font-size\":\"\",\"line-height\":\"\"}'  style=\"\">Tal Residence<\/h3><\/div> <!-- header --><div class=\"aio-icon-description ult-responsive\"  data-ultimate-target='#Info-box-wrap-9923 .aio-icon-description'  data-responsive-json-new='{\"font-size\":\"\",\"line-height\":\"\"}'  style=\"color:#777777;\">Satel\u012bta telev\u012bzija un \u201cGudr\u0101 M\u0101ja\u201d<\/div> <!-- description --><\/div> <!-- aio-icon-box --><\/a><\/div> <!-- aio-icon-component -->[\/vc_column_inner][vc_column_inner width=&#8221;1\/6&#8243;]<div class=\"aio-icon-component    style_3\"><a class=\"aio-icon-box-link\" href=\"https:\/\/unisat.lv\/lv\/projects\/rigassatiksme\/\" ><div id=\"Info-box-wrap-6426\" class=\"aio-icon-box top-icon\" style=\"\"  ><div class=\"aio-icon-top\"><div class=\"ult-just-icon-wrapper  \"><div class=\"align-icon\" style=\"text-align:center;\">\n<div class=\"aio-icon-img \" style=\"font-size:150px;display:inline-block;\" >\n\t<img class=\"img-icon\" alt=\"null\" src=\"https:\/\/unisat.lv\/wp-content\/uploads\/2016\/06\/rigassatiksme.jpg\"\/>\n<\/div><\/div><\/div><\/div><div class=\"aio-icon-header\" ><h3 class=\"aio-icon-title ult-responsive\"  data-ultimate-target='#Info-box-wrap-6426 .aio-icon-title'  data-responsive-json-new='{\"font-size\":\"\",\"line-height\":\"\"}'  style=\"\">R\u012bgas Satiksme<\/h3><\/div> <!-- header --><div class=\"aio-icon-description ult-responsive\"  data-ultimate-target='#Info-box-wrap-6426 .aio-icon-description'  data-responsive-json-new='{\"font-size\":\"\",\"line-height\":\"\"}'  style=\"color:#777777;\">TV sist\u0113ma un Videosiena<\/div> <!-- description --><\/div> <!-- aio-icon-box --><\/a><\/div> <!-- aio-icon-component -->[\/vc_column_inner][vc_column_inner width=&#8221;1\/6&#8243;]<div class=\"aio-icon-component    style_3\"><a class=\"aio-icon-box-link\" href=\"https:\/\/unisat.lv\/lv\/projects\/gostinitsa-kempinski\/\" ><div id=\"Info-box-wrap-9807\" class=\"aio-icon-box top-icon\" style=\"\"  ><div class=\"aio-icon-top\"><div class=\"ult-just-icon-wrapper  \"><div class=\"align-icon\" style=\"text-align:center;\">\n<div class=\"aio-icon-img \" style=\"font-size:150px;display:inline-block;\" >\n\t<img class=\"img-icon\" alt=\"Kempinski\" src=\"https:\/\/unisat.lv\/wp-content\/uploads\/2016\/06\/kempinski.jpg\"\/>\n<\/div><\/div><\/div><\/div><div class=\"aio-icon-header\" ><h3 class=\"aio-icon-title ult-responsive\"  data-ultimate-target='#Info-box-wrap-9807 .aio-icon-title'  data-responsive-json-new='{\"font-size\":\"\",\"line-height\":\"\"}'  style=\"\">Grand Hotel Kempinski<\/h3><\/div> <!-- header --><div class=\"aio-icon-description ult-responsive\"  data-ultimate-target='#Info-box-wrap-9807 .aio-icon-description'  data-responsive-json-new='{\"font-size\":\"\",\"line-height\":\"\"}'  style=\"color:#777777;\">Satel\u012bta telev\u012bzijas sist\u0113ma<\/div> <!-- description --><\/div> <!-- aio-icon-box --><\/a><\/div> <!-- aio-icon-component -->[\/vc_column_inner][vc_column_inner width=&#8221;1\/6&#8243;]<div class=\"aio-icon-component    style_3\"><a class=\"aio-icon-box-link\" href=\"https:\/\/unisat.lv\/lv\/projects\/lattelecom-dattum\/\" ><div id=\"Info-box-wrap-7204\" class=\"aio-icon-box top-icon\" style=\"\"  ><div class=\"aio-icon-top\"><div class=\"ult-just-icon-wrapper  \"><div class=\"align-icon\" style=\"text-align:center;\">\n<div class=\"aio-icon-img \" style=\"font-size:150px;display:inline-block;\" >\n\t<img class=\"img-icon\" alt=\"Lattelecom Dattum Sat\" src=\"https:\/\/unisat.lv\/wp-content\/uploads\/2016\/06\/dattum.jpg\"\/>\n<\/div><\/div><\/div><\/div><div class=\"aio-icon-header\" ><h3 class=\"aio-icon-title ult-responsive\"  data-ultimate-target='#Info-box-wrap-7204 .aio-icon-title'  data-responsive-json-new='{\"font-size\":\"\",\"line-height\":\"\"}'  style=\"\">Lattelecom Dattum<\/h3><\/div> <!-- header --><div class=\"aio-icon-description ult-responsive\"  data-ultimate-target='#Info-box-wrap-7204 .aio-icon-description'  data-responsive-json-new='{\"font-size\":\"\",\"line-height\":\"\"}'  style=\"color:#777777;\">Satel\u012bta antenu komplekss<\/div> <!-- description --><\/div> <!-- aio-icon-box --><\/a><\/div> <!-- aio-icon-component -->[\/vc_column_inner][vc_column_inner width=&#8221;1\/6&#8243;][vc_btn title=&#8221;Visi projekti&#8221; style=&#8221;custom&#8221; custom_background=&#8221;#0984e3&#8243; custom_text=&#8221;#ffffff&#8221; shape=&#8221;round&#8221; align=&#8221;center&#8221; i_align=&#8221;right&#8221; i_icon_fontawesome=&#8221;fa fa-angle-right&#8221; link=&#8221;url:https%3A%2F%2Funisat.lv%2Flv%2Fprojects%2F|title:%D0%92%D1%81%D0%B5%20%D0%BF%D1%80%D0%BE%D0%B5%D0%BA%D1%82%D1%8B||&#8221; add_icon=&#8221;true&#8221; css=&#8221;.vc_custom_1527514642713{margin-top: 50px !important;padding-top: 5px !important;padding-right: 5px !important;padding-bottom: 5px !important;padding-left: 5px !important;}&#8221;][\/vc_column_inner][\/vc_row_inner][vc_separator style=&#8221;solid&#8221; css=&#8221;.vc_custom_1519120957456{margin-top: 50px !important;}&#8221;][\/vc_column][\/vc_row][vc_row css=&#8221;.vc_custom_1519120945304{margin-top: 50px !important;}&#8221;][vc_column]<div id=\"ultimate-heading-434469fcb916927bd\" class=\"uvc-heading ult-adjust-bottom-margin ultimate-heading-434469fcb916927bd uvc-8661 \" data-hspacer=\"image_only\"  data-halign=\"left\" style=\"text-align:left\"><div class=\"uvc-main-heading ult-responsive\"  data-ultimate-target='.uvc-heading.ultimate-heading-434469fcb916927bd h2'  data-responsive-json-new='{\"font-size\":\"\",\"line-height\":\"\"}' ><h2 style=\"font-family:'Rubik';font-weight:300;\">Veikals<\/h2><\/div><div class=\"uvc-heading-spacer image_only\" style=\"top\"><img src=\"https:\/\/unisat.lv\/wp-content\/uploads\/2016\/06\/header-1.png\" class=\"ultimate-headings-icon-image\" alt=\"null\" style=\"width:70px\"\/><\/div><\/div>[vc_row_inner][vc_column_inner width=&#8221;1\/3&#8243; css=&#8221;.vc_custom_1519129193166{margin-top: 30px !important;padding-right: 30px !important;}&#8221;][vc_gallery type=&#8221;nivo&#8221; interval=&#8221;3&#8243; images=&#8221;8397,8398&#8243; img_size=&#8221;full&#8221; onclick=&#8221;&#8221;][\/vc_column_inner][\/vc_row_inner][\/vc_column][\/vc_row]<\/p>","protected":false},"excerpt":{"rendered":"<p>[vc_row full_width=&#8221;stretch_row_content_no_spaces&#8221;][vc_column][rev_slider_vc alias=&#8221;unisat-home-1-lat&#8221; el_class=&#8221;m-b-none&#8221;][\/vc_column][\/vc_row][vc_row css=&#8221;.vc_custom_1519053449108{margin-top: 100px !important;}&#8221;][vc_column][vc_row_inner][vc_column_inner width=&#8221;1\/2&#8243;][vc_column_text css=&#8221;.vc_custom_1526452503510{margin-top: 20px !important;margin-right: 50px !important;}&#8221;]SIA \u201cUNISAT\u201d ir uz\u0146\u0113mums ar vair\u0101k nek\u0101 20 gadu pieredzi instal\u0101cijas un telekomunik\u0101cijas iek\u0101rtu p\u0101rdo\u0161anas jom\u0101. \u0160o gadu laik\u0101 ir realiz\u0113ti t\u016bksto\u0161iem da\u017e\u0101das sare\u017e\u0123\u012bt\u012bbas projektu, taj\u0101 skait\u0101 desmitiem unik\u0101lu risin\u0101jumu. M\u0113s pied\u0101v\u0101jam pilnu pakalpojumu kompleksu: projekt\u0113\u0161anu, mont\u0101\u017eu un da\u017e\u0101du v\u0101jstr\u0101vas t\u012bklu apkalpo\u0161anu. Papildus [&hellip;]<\/p>\n","protected":false},"author":1,"featured_media":0,"parent":0,"menu_order":0,"comment_status":"closed","ping_status":"closed","template":"","meta":[],"_links":{"self":[{"href":"https:\/\/unisat.lv\/lv\/wp-json\/wp\/v2\/pages\/143"}],"collection":[{"href":"https:\/\/unisat.lv\/lv\/wp-json\/wp\/v2\/pages"}],"about":[{"href":"https:\/\/unisat.lv\/lv\/wp-json\/wp\/v2\/types\/page"}],"author":[{"embeddable":true,"href":"https:\/\/unisat.lv\/lv\/wp-json\/wp\/v2\/users\/1"}],"replies":[{"embeddable":true,"href":"https:\/\/unisat.lv\/lv\/wp-json\/wp\/v2\/comments?post=143"}],"version-history":[{"count":6,"href":"https:\/\/unisat.lv\/lv\/wp-json\/wp\/v2\/pages\/143\/revisions"}],"predecessor-version":[{"id":26222,"href":"https:\/\/unisat.lv\/lv\/wp-json\/wp\/v2\/pages\/143\/revisions\/26222"}],"wp:attachment":[{"href":"https:\/\/unisat.lv\/lv\/wp-json\/wp\/v2\/media?parent=143"}],"curies":[{"name":"wp","href":"https:\/\/api.w.org\/{rel}","templated":true}]}}