{"id":10093,"date":"2018-08-29T14:16:54","date_gmt":"2018-08-29T12:16:54","guid":{"rendered":"https:\/\/unisat.lv\/?page_id=10093"},"modified":"2018-10-10T14:05:26","modified_gmt":"2018-10-10T12:05:26","slug":"hotel-tv-system","status":"publish","type":"page","link":"https:\/\/unisat.lv\/lv\/services\/hotel-tv-system\/","title":{"rendered":"TV sist\u0113mas viesn\u012bc\u0101m"},"content":{"rendered":"<p>[vc_row][vc_column][vc_row_inner][vc_column_inner width=&#8221;1\/6&#8243;][vc_single_image image=&#8221;8234&#8243; img_size=&#8221;full&#8221; onclick=&#8221;custom_link&#8221; css_animation=&#8221;top-to-bottom&#8221; link=&#8221;https:\/\/unisat.lv\/lv&#8221;][\/vc_column_inner][vc_column_inner width=&#8221;1\/6&#8243;][vc_btn title=&#8221;Atpaka\u013c uz M\u0101jaslapu&#8221; style=&#8221;custom&#8221; custom_background=&#8221;#0984e3&#8243; custom_text=&#8221;#ffffff&#8221; shape=&#8221;round&#8221; size=&#8221;lg&#8221; align=&#8221;left&#8221; i_icon_fontawesome=&#8221;fa fa-home&#8221; link=&#8221;url:https%3A%2F%2Funisat.lv%2Flv|||&#8221; add_icon=&#8221;true&#8221;][\/vc_column_inner][vc_column_inner width=&#8221;1\/6&#8243;][\/vc_column_inner][vc_column_inner width=&#8221;1\/6&#8243;][\/vc_column_inner][vc_column_inner width=&#8221;1\/6&#8243;][\/vc_column_inner][vc_column_inner width=&#8221;1\/6&#8243;][\/vc_column_inner][\/vc_row_inner][\/vc_column][\/vc_row][vc_row css=&#8221;.vc_custom_1535616706870{margin-top: 0px !important;}&#8221;][vc_column][rev_slider_vc alias=&#8221;tv-sistemas-lat&#8221; el_class=&#8221;m-b-none&#8221;][\/vc_column][\/vc_row][vc_row][vc_column][vc_empty_space height=&#8221;100&#8243;][\/vc_column][\/vc_row][vc_row][vc_column width=&#8221;1\/6&#8243;][\/vc_column][vc_column width=&#8221;4\/6&#8243;]<section id=\"mainparameters\" class=\"porto-section\"><div class=\" container\">[vc_row_inner][vc_column_inner][\/vc_column_inner][\/vc_row_inner]<div id=\"ultimate-heading-78169d3ca553d9e7\" class=\"uvc-heading ult-adjust-bottom-margin ultimate-heading-78169d3ca553d9e7 uvc-5544 \" data-hspacer=\"image_only\"  data-halign=\"left\" style=\"text-align:left\"><div class=\"uvc-main-heading ult-responsive\"  data-ultimate-target='.uvc-heading.ultimate-heading-78169d3ca553d9e7 h3'  data-responsive-json-new='{\"font-size\":\"desktop:27px;\",\"line-height\":\"desktop:29px;\"}' ><h3 style=\"font-family:'Rubik';font-weight:300;\">Par ilgtsp\u0113j\u012bgu ieguld\u012bjumu viesn\u012bcas telev\u012bzijas att\u012bst\u012bb\u0101<\/h3><\/div><div class=\"uvc-heading-spacer image_only\" style=\"top\"><img src=\"https:\/\/unisat.lv\/wp-content\/uploads\/2016\/06\/header-1.png\" class=\"ultimate-headings-icon-image\" alt=\"null\" style=\"width:70px\"\/><\/div><\/div>[vc_column_text]Lai klienti justos \u0113rti un sp\u0113tu lietder\u012bgi atp\u016bsties, viesn\u012bc\u0101m un atp\u016btas centriem j\u0101nodro\u0161ina ne tikai pietiekami augsta apkalpo\u0161anas kult\u016bra, bet ar\u012b m\u016bsdien\u012bgajiem cilv\u0113kiem atbilsto\u0161i augstas klases tehniskie risin\u0101jumi.<\/p>\n<p>\u0160obr\u012bd m\u0113s pied\u0101v\u0101jam jaunu un m\u016bsdien\u012bgu risin\u0101jumu maz\u0101m un vid\u0113j\u0101m viesn\u012bc\u0101m \u2013 <strong>jaud\u012bgu, ekonomisku un funkcion\u0101lu<\/strong> TV staciju. Pied\u0101v\u0101t\u0101 TV stacija sp\u0113j transl\u0113t viesn\u012bcas t\u012bkl\u0101 <strong>l\u012bdz pat 30 TV kan\u0101liem digit\u0101l\u0101 form\u0101t\u0101<\/strong>. J\u016bs ieg\u016bsiet katr\u0101 viesn\u012bcas numur\u0101 stabilu un labas kvalit\u0101tes telev\u012bziju par sapr\u0101t\u012bgu cenu un ilggad\u0113ju iek\u0101rtas garantiju.[\/vc_column_text][vc_empty_space height=&#8221;100px&#8221;]<div id=\"ultimate-heading-548669d3ca553db1b\" class=\"uvc-heading ult-adjust-bottom-margin ultimate-heading-548669d3ca553db1b uvc-2514 \" data-hspacer=\"image_only\"  data-halign=\"left\" style=\"text-align:left\"><div class=\"uvc-main-heading ult-responsive\"  data-ultimate-target='.uvc-heading.ultimate-heading-548669d3ca553db1b h3'  data-responsive-json-new='{\"font-size\":\"desktop:27px;\",\"line-height\":\"desktop:29px;\"}' ><h3 style=\"font-family:'Rubik';font-weight:300;\">Salidzin\u0101jums ar pa\u0161reiz\u0113jam telev\u012bzijas sist\u0113m\u0101m<\/h3><\/div><div class=\"uvc-heading-spacer image_only\" style=\"top\"><img src=\"https:\/\/unisat.lv\/wp-content\/uploads\/2016\/06\/header-1.png\" class=\"ultimate-headings-icon-image\" alt=\"null\" style=\"width:70px\"\/><\/div><\/div><\/div><\/section>[\/vc_column][vc_column width=&#8221;1\/6&#8243;][\/vc_column][\/vc_row][vc_row][\/vc_row][vc_row][vc_column][vc_single_image image=&#8221;10125&#8243; img_size=&#8221;full&#8221; style=&#8221;vc_box_rounded&#8221; label=&#8221;&#8221; css=&#8221;.vc_custom_1539172736648{margin-top: 40px !important;margin-bottom: 0px !important;}&#8221;][vc_column_text css=&#8221;.vc_custom_1539172451663{margin-top: 0px !important;}&#8221;]<\/p>\n<table border=\"0\" width=\"714\" cellspacing=\"0\" cellpadding=\"8\">\n<colgroup>\n<col width=\"340\" \/>\n<col width=\"340\" \/> <\/colgroup>\n<tbody>\n<tr valign=\"TOP\">\n<td bgcolor=\"#555\" width=\"340\"><span style=\"color: #fff;\"><strong>K\u0101da ir pa\u0161reiz\u0113j\u0101 telev\u012bzija?<\/strong><\/span><\/td>\n<td bgcolor=\"#0074db\" width=\"340\"><span style=\"color: #fff;\"><strong>K\u0101du telev\u012bziju pied\u0101v\u0101jam m\u0113s!<\/strong><\/span><\/td>\n<\/tr>\n<tr valign=\"TOP\">\n<td width=\"340\">Maz p\u0101rraides kan\u0101lu (vid\u0113ji 10 kan\u0101li)<\/td>\n<td width=\"340\">\n<ul>\n<li>30 satel\u012bttelev\u012bzijas kan\u0101li (ar iesp\u0113ju izv\u0113l\u0113ties)<\/li>\n<li>Iesp\u0113ja piesl\u0113gt Latvijas bezmaksas kan\u0101lus<\/li>\n<li>Iesp\u0113ja piesl\u0113gt kod\u0113tos maksas kan\u0101lus, (piem\u0113ram, \u010dempion\u0101tu laik\u0101)<\/li>\n<\/ul>\n<\/td>\n<\/tr>\n<tr valign=\"TOP\">\n<td width=\"340\">Nekvalitat\u012bvs att\u0113ls<\/td>\n<td width=\"340\">\n<ul>\n<li>Digit\u0101l\u0101s kvalit\u0101tes att\u0113ls ar iesp\u0113ju rad\u012bt pat kan\u0101lus ar Full HD iz\u0161\u0137irtsp\u0113ju<\/li>\n<\/ul>\n<\/td>\n<\/tr>\n<tr valign=\"TOP\">\n<td width=\"340\">Nav iesp\u0113jama video rekl\u0101ma<\/td>\n<td width=\"340\">\n<ul>\n<li>Iesp\u0113jama video rekl\u0101ma gan katr\u0101 numur\u0101, gan uz monitora, piem\u0113ram, foaj\u0113 vai citviet viesn\u012bc\u0101<\/li>\n<li>Iesp\u0113ja izveidot atsevi\u0161\u0137u rekl\u0101mas kan\u0101lu katr\u0101 viesn\u012bcas numur\u0101<\/li>\n<\/ul>\n<\/td>\n<\/tr>\n<tr valign=\"TOP\">\n<td width=\"340\">Uzst\u0101d\u012bti vair\u0101ki satel\u012bta uztv\u0113r\u0113ji, kuri bie\u017ei j\u0101remont\u0113, vai j\u0101ieg\u0101d\u0101jas jaunus<\/td>\n<td width=\"340\">\n<ul>\n<li>Stacija jau s\u0101kotn\u0113ji ir paredz\u0113ta 24\/7 darb\u012bbai, kas nodro\u0161ina garantiju un ilgu gadu kalpo\u0161anas laiku<\/li>\n<li>Nav j\u0101maina jau eso\u0161\u0101 kabe\u013cu infrastrukt\u016bra, televizoriem nepiecie\u0161ams DVB-T ieb\u016bv\u0113tais uztv\u0113r\u0113js<\/li>\n<\/ul>\n<\/td>\n<\/tr>\n<\/tbody>\n<\/table>\n<p>[\/vc_column_text][vc_separator color=&#8221;custom&#8221; border_width=&#8221;10&#8243; style=&#8221;solid&#8221; gap=&#8221;short&#8221; accent_color=&#8221;#f2f2f2&#8243;][vc_empty_space height=&#8221;100&#8243;][\/vc_column][\/vc_row][vc_row][vc_column width=&#8221;1\/2&#8243;][vc_single_image image=&#8221;10124&#8243; img_size=&#8221;full&#8221; alignment=&#8221;right&#8221; style=&#8221;vc_box_rounded&#8221; css_animation=&#8221;left-to-right&#8221; css=&#8221;.vc_custom_1539172469102{padding-right: 20px !important;}&#8221;][\/vc_column][vc_column width=&#8221;1\/2&#8243;]<div id=\"ultimate-heading-891869d3ca553dc51\" class=\"uvc-heading ult-adjust-bottom-margin ultimate-heading-891869d3ca553dc51 uvc-2782 \" data-hspacer=\"image_only\"  data-halign=\"left\" style=\"text-align:left\"><div class=\"uvc-main-heading ult-responsive\"  data-ultimate-target='.uvc-heading.ultimate-heading-891869d3ca553dc51 h3'  data-responsive-json-new='{\"font-size\":\"desktop:27px;\",\"line-height\":\"desktop:29px;\"}' ><h3 style=\"font-family:'Rubik';font-weight:300;\">Priek\u0161roc\u012bbas p\u0101rejai uz digit\u0101lo form\u0101tu<\/h3><\/div><div class=\"uvc-heading-spacer image_only\" style=\"top\"><img src=\"https:\/\/unisat.lv\/wp-content\/uploads\/2016\/06\/header-1.png\" class=\"ultimate-headings-icon-image\" alt=\"null\" style=\"width:70px\"\/><\/div><\/div><div class=\"uavc-list-icon uavc-list-icon-wrapper ult-adjust-bottom-margin   \"><ul class=\"uavc-list\"><li><div class=\"uavc-list-content\" id=\"list-icon-wrap-5721\">\n<div class=\"uavc-list-icon  \" data-animation=\"\" data-animation-delay=\"03\" style=\"margin-right:10px;\"><div class=\"ult-just-icon-wrapper  \"><div class=\"align-icon\" style=\"text-align:center;\">\n<div class=\"aio-icon none \"  style=\"color:#cccccc;font-size:20px;display:inline-block;\">\n\t<i class=\"Defaults-circle\"><\/i>\n<\/div><\/div><\/div>\n<\/div><span  data-ultimate-target='#list-icon-wrap-5721 .uavc-list-desc'  data-responsive-json-new='{\"font-size\":\"\",\"line-height\":\"\"}'  class=\"uavc-list-desc ult-responsive\" style=\"\">Garant\u0113ts kvalitat\u012bvs att\u0113ls vis\u0101s viesn\u012bcas numuros<\/span><\/div><\/li><li><div class=\"uavc-list-content\" id=\"list-icon-wrap-7574\">\n<div class=\"uavc-list-icon  \" data-animation=\"\" data-animation-delay=\"03\" style=\"margin-right:10px;\"><div class=\"ult-just-icon-wrapper  \"><div class=\"align-icon\" style=\"text-align:center;\">\n<div class=\"aio-icon none \"  style=\"color:#cccccc;font-size:20px;display:inline-block;\">\n\t<i class=\"Defaults-circle\"><\/i>\n<\/div><\/div><\/div>\n<\/div><span  data-ultimate-target='#list-icon-wrap-7574 .uavc-list-desc'  data-responsive-json-new='{\"font-size\":\"\",\"line-height\":\"\"}'  class=\"uavc-list-desc ult-responsive\" style=\"\">J\u016bs pa\u0161i varat izv\u0113l\u0113ties 30 kan\u0101lus no pied\u0101v\u0101tiem 300 kan\u0101liem<\/span><\/div><\/li><li><div class=\"uavc-list-content\" id=\"list-icon-wrap-9984\">\n<div class=\"uavc-list-icon  \" data-animation=\"\" data-animation-delay=\"03\" style=\"margin-right:10px;\"><div class=\"ult-just-icon-wrapper  \"><div class=\"align-icon\" style=\"text-align:center;\">\n<div class=\"aio-icon none \"  style=\"color:#cccccc;font-size:20px;display:inline-block;\">\n\t<i class=\"Defaults-circle\"><\/i>\n<\/div><\/div><\/div>\n<\/div><span  data-ultimate-target='#list-icon-wrap-9984 .uavc-list-desc'  data-responsive-json-new='{\"font-size\":\"\",\"line-height\":\"\"}'  class=\"uavc-list-desc ult-responsive\" style=\"\">\u201cViesn\u012bcas infokan\u0101ls\u201d, kur\u0101 J\u016bs var\u0113siet transl\u0113t rekl\u0101mu vai inform\u0101ciju klientiem<\/span><\/div><\/li><li><div class=\"uavc-list-content\" id=\"list-icon-wrap-6072\">\n<div class=\"uavc-list-icon  \" data-animation=\"\" data-animation-delay=\"03\" style=\"margin-right:10px;\"><div class=\"ult-just-icon-wrapper  \"><div class=\"align-icon\" style=\"text-align:center;\">\n<div class=\"aio-icon none \"  style=\"color:#cccccc;font-size:20px;display:inline-block;\">\n\t<i class=\"Defaults-circle\"><\/i>\n<\/div><\/div><\/div>\n<\/div><span  data-ultimate-target='#list-icon-wrap-6072 .uavc-list-desc'  data-responsive-json-new='{\"font-size\":\"\",\"line-height\":\"\"}'  class=\"uavc-list-desc ult-responsive\" style=\"\">Iesp\u0113ja transl\u0113t ne tikai TV, bet ar\u012b radiokan\u0101lus visos viesn\u012bcas numuros<\/span><\/div><\/li><li><div class=\"uavc-list-content\" id=\"list-icon-wrap-1056\">\n<div class=\"uavc-list-icon  \" data-animation=\"\" data-animation-delay=\"03\" style=\"margin-right:10px;\"><div class=\"ult-just-icon-wrapper  \"><div class=\"align-icon\" style=\"text-align:center;\">\n<div class=\"aio-icon none \"  style=\"color:#cccccc;font-size:20px;display:inline-block;\">\n\t<i class=\"Defaults-circle\"><\/i>\n<\/div><\/div><\/div>\n<\/div><span  data-ultimate-target='#list-icon-wrap-1056 .uavc-list-desc'  data-responsive-json-new='{\"font-size\":\"\",\"line-height\":\"\"}'  class=\"uavc-list-desc ult-responsive\" style=\"\">Iesp\u0113ja piesl\u0113gt VIASAT maksas kan\u0101lus<\/span><\/div><\/li><li><div class=\"uavc-list-content\" id=\"list-icon-wrap-6156\">\n<div class=\"uavc-list-icon  \" data-animation=\"\" data-animation-delay=\"03\" style=\"margin-right:10px;\"><div class=\"ult-just-icon-wrapper  \"><div class=\"align-icon\" style=\"text-align:center;\">\n<div class=\"aio-icon none \"  style=\"color:#cccccc;font-size:20px;display:inline-block;\">\n\t<i class=\"Defaults-circle\"><\/i>\n<\/div><\/div><\/div>\n<\/div><span  data-ultimate-target='#list-icon-wrap-6156 .uavc-list-desc'  data-responsive-json-new='{\"font-size\":\"\",\"line-height\":\"\"}'  class=\"uavc-list-desc ult-responsive\" style=\"\">Iek\u0101rta ir paredz\u0113ta 24\/7 patst\u0101v\u012bgai darb\u012bbai, nav nepiecie\u0161ama stacijas \u201cp\u0101rl\u0101d\u0113\u0161ana\u201d<\/span><\/div><\/li><li><div class=\"uavc-list-content\" id=\"list-icon-wrap-3218\">\n<div class=\"uavc-list-icon  \" data-animation=\"\" data-animation-delay=\"03\" style=\"margin-right:10px;\"><div class=\"ult-just-icon-wrapper  \"><div class=\"align-icon\" style=\"text-align:center;\">\n<div class=\"aio-icon none \"  style=\"color:#cccccc;font-size:20px;display:inline-block;\">\n\t<i class=\"Defaults-circle\"><\/i>\n<\/div><\/div><\/div>\n<\/div><span  data-ultimate-target='#list-icon-wrap-3218 .uavc-list-desc'  data-responsive-json-new='{\"font-size\":\"\",\"line-height\":\"\"}'  class=\"uavc-list-desc ult-responsive\" style=\"\">Ekonomija \u2013 ener\u0123ijas pat\u0113ri\u0146\u0161 ir tikai 40 vati stund\u0101<\/span><\/div><\/li><li><div class=\"uavc-list-content\" id=\"list-icon-wrap-9124\">\n<div class=\"uavc-list-icon  \" data-animation=\"\" data-animation-delay=\"03\" style=\"margin-right:10px;\"><div class=\"ult-just-icon-wrapper  \"><div class=\"align-icon\" style=\"text-align:center;\">\n<div class=\"aio-icon none \"  style=\"color:#cccccc;font-size:20px;display:inline-block;\">\n\t<i class=\"Defaults-circle\"><\/i>\n<\/div><\/div><\/div>\n<\/div><span  data-ultimate-target='#list-icon-wrap-9124 .uavc-list-desc'  data-responsive-json-new='{\"font-size\":\"\",\"line-height\":\"\"}'  class=\"uavc-list-desc ult-responsive\" style=\"\">Tehnisko telpu plat\u012bbas ekonomija, iek\u0101rtai ir mazi izm\u0113ri<\/span><\/div><\/li><li><div class=\"uavc-list-content\" id=\"list-icon-wrap-2155\">\n<div class=\"uavc-list-icon  \" data-animation=\"\" data-animation-delay=\"03\" style=\"margin-right:10px;\"><div class=\"ult-just-icon-wrapper  \"><div class=\"align-icon\" style=\"text-align:center;\">\n<div class=\"aio-icon none \"  style=\"color:#cccccc;font-size:20px;display:inline-block;\">\n\t<i class=\"Defaults-circle\"><\/i>\n<\/div><\/div><\/div>\n<\/div><span  data-ultimate-target='#list-icon-wrap-2155 .uavc-list-desc'  data-responsive-json-new='{\"font-size\":\"\",\"line-height\":\"\"}'  class=\"uavc-list-desc ult-responsive\" style=\"\">\u0100tra uzst\u0101d\u012b\u0161ana &#8211; nav nepiecie\u0161ams p\u0101rveidot jau eso\u0161o kabe\u013cu t\u012bklu<\/span><\/div><\/li><\/ul><\/div>[\/vc_column][\/vc_row][vc_row][vc_column][vc_empty_space height=&#8221;100&#8243;][\/vc_column][\/vc_row][vc_row][\/vc_row][vc_row][vc_column width=&#8221;1\/2&#8243;]<div id=\"ultimate-heading-787869d3ca553e4bc\" class=\"uvc-heading ult-adjust-bottom-margin ultimate-heading-787869d3ca553e4bc uvc-1998 \" data-hspacer=\"image_only\"  data-halign=\"left\" style=\"text-align:left\"><div class=\"uvc-main-heading ult-responsive\"  data-ultimate-target='.uvc-heading.ultimate-heading-787869d3ca553e4bc h3'  data-responsive-json-new='{\"font-size\":\"desktop:27px;\",\"line-height\":\"desktop:29px;\"}' ><h3 style=\"font-family:'Rubik';font-weight:300;\">Konfigur\u0101cija un Vad\u012bba uz vietas un attalin\u0101ti<\/h3><\/div><div class=\"uvc-heading-spacer image_only\" style=\"top\"><img src=\"https:\/\/unisat.lv\/wp-content\/uploads\/2016\/06\/header-1.png\" class=\"ultimate-headings-icon-image\" alt=\"null\" style=\"width:70px\"\/><\/div><\/div>[vc_column_text]<\/p>\n<p>TV sist\u0113mas konfigur\u0101cija un vad\u012bba notiek ar datora pal\u012bdz\u012bbu no interneta p\u0101rl\u016bka programmas. Tas noz\u012bm\u0113 k\u0101 katr\u0101 ier\u012bc\u0113 ir savs web serveris, un nav vajadz\u012bga speci\u0101la kontroles programmat\u016bra. Lai savienotos ar lietot\u0101ja interfeisu vajag tikai ievest j\u016bsu ier\u012bces adresi interneta p\u0101rl\u016bk\u0101 (piem\u0113ram http:\/\/om10).<\/p>\n<p>[\/vc_column_text][\/vc_column][vc_column width=&#8221;1\/2&#8243;][vc_single_image image=&#8221;10150&#8243; img_size=&#8221;full&#8221; alignment=&#8221;right&#8221; style=&#8221;vc_box_rounded&#8221; css_animation=&#8221;right-to-left&#8221; css=&#8221;.vc_custom_1539172484111{padding-left: 20px !important;}&#8221;][\/vc_column][\/vc_row][vc_row][vc_column width=&#8221;1\/6&#8243;][\/vc_column][vc_column width=&#8221;4\/6&#8243;]<section id=\"consultation\" class=\"porto-section\"><div class=\" container\">[vc_empty_space height=&#8221;100&#8243;]<div id=\"ultimate-heading-834769d3ca553e70e\" class=\"uvc-heading ult-adjust-bottom-margin ultimate-heading-834769d3ca553e70e uvc-2806 \" data-hspacer=\"image_only\"  data-halign=\"left\" style=\"text-align:left\"><div class=\"uvc-main-heading ult-responsive\"  data-ultimate-target='.uvc-heading.ultimate-heading-834769d3ca553e70e h2'  data-responsive-json-new='{\"font-size\":\"\",\"line-height\":\"\"}' ><h2 style=\"font-family:'Rubik';font-weight:300;\">Bezmaksas konsult\u0101cija<\/h2><\/div><div class=\"uvc-heading-spacer image_only\" style=\"top\"><img src=\"https:\/\/unisat.lv\/wp-content\/uploads\/2016\/06\/header-1.png\" class=\"ultimate-headings-icon-image\" alt=\"null\" style=\"width:70px\"\/><\/div><\/div>[vc_column_text]M\u0113s nodro\u0161in\u0101m kvalitat\u012bvu mont\u0101\u017eu un stacijas uzst\u0101d\u012b\u0161anu \u012bs\u0101 laika period\u0101, k\u0101 ar\u012b apm\u0101c\u012bsim person\u0101lu sist\u0113mas lieto\u0161an\u0101. Pied\u0101v\u0101jam ar\u012b pilnu p\u0113cgarantijas atbalstu.[\/vc_column_text]<div class=\"ult-content-box-container \" >\t\t<div class=\"ult-content-box\" style=\"background-color:#f4f4f4;box-shadow: px px px px none;border-style:solid;border-width:1px;border-radius:9px;border-color:#d8d8d8;padding:20px;-webkit-transition: all 700ms ease;-moz-transition: all 700ms ease;-ms-transition: all 700ms ease;-o-transition: all 700ms ease;transition: all 700ms ease;\"  data-hover_box_shadow=\"none\"     data-bg=\"#f4f4f4\"  data-border_color=\"#d8d8d8\" ><div role=\"form\" class=\"wpcf7\" id=\"wpcf7-f10142-o3\" lang=\"en-US\" dir=\"ltr\">\n<div class=\"screen-reader-response\"><p role=\"status\" aria-live=\"polite\" aria-atomic=\"true\"><\/p> <ul><\/ul><\/div>\n<form action=\"\/lv\/wp-json\/wp\/v2\/pages\/10093#wpcf7-f10142-o3\" method=\"post\" class=\"wpcf7-form init\" novalidate=\"novalidate\" data-status=\"init\">\n<div style=\"display: none;\">\n<input type=\"hidden\" name=\"_wpcf7\" value=\"10142\" \/>\n<input type=\"hidden\" name=\"_wpcf7_version\" value=\"5.5.6.1\" \/>\n<input type=\"hidden\" name=\"_wpcf7_locale\" value=\"en_US\" \/>\n<input type=\"hidden\" name=\"_wpcf7_unit_tag\" value=\"wpcf7-f10142-o3\" \/>\n<input type=\"hidden\" name=\"_wpcf7_container_post\" value=\"0\" \/>\n<input type=\"hidden\" name=\"_wpcf7_posted_data_hash\" value=\"\" \/>\n<\/div>\n<div class=\"row\">\n<div class=\"col-md-6\">\n<div class=\"form-group\">\n            <label for=\"contact-name\">V\u0101rds *<\/label><br \/>\n            <span class=\"wpcf7-form-control-wrap your-name\"><input type=\"text\" name=\"your-name\" value=\"\" size=\"40\" class=\"wpcf7-form-control wpcf7-text wpcf7-validates-as-required form-control\" id=\"contact-name\" aria-required=\"true\" aria-invalid=\"false\" \/><\/span>\n        <\/div>\n<\/div>\n<div class=\"col-md-6\">\n<div class=\"form-group\">\n            <label for=\"contact-email\">E-pasts *<\/label><br \/>\n            <span class=\"wpcf7-form-control-wrap your-email\"><input type=\"email\" name=\"your-email\" value=\"\" size=\"40\" class=\"wpcf7-form-control wpcf7-text wpcf7-email wpcf7-validates-as-required wpcf7-validates-as-email form-control\" id=\"contact-email\" aria-required=\"true\" aria-invalid=\"false\" \/><\/span>\n        <\/div>\n<\/div>\n<div class=\"col-md-12\">\n<div class=\"form-group\">\n            <label for=\"contact-subject\">Viesn\u012bcas nosaukums<\/label><br \/>\n            <span class=\"wpcf7-form-control-wrap hotel\"><input type=\"text\" name=\"hotel\" value=\"\" size=\"40\" class=\"wpcf7-form-control wpcf7-text\" aria-invalid=\"false\" placeholder=\"Viesn\u012bca\" \/><\/span>\n        <\/div>\n<\/div>\n<div class=\"col-md-6\">\n<div class=\"form-group\">\n            <label for=\"contact-name\">Numuru skaits<\/label><br \/>\n            <span class=\"wpcf7-form-control-wrap rooms\"><input type=\"text\" name=\"rooms\" value=\"\" size=\"40\" class=\"wpcf7-form-control wpcf7-text\" aria-invalid=\"false\" \/><\/span>\n        <\/div>\n<\/div>\n<div class=\"col-md-6\">\n<div class=\"form-group\">\n            <label for=\"contact-email\">St\u0101vu skaits<\/label><br \/>\n            <span class=\"wpcf7-form-control-wrap floors\"><input type=\"text\" name=\"floors\" value=\"\" size=\"40\" class=\"wpcf7-form-control wpcf7-text\" aria-invalid=\"false\" \/><\/span>\n        <\/div>\n<\/div>\n<div class=\"col-md-12\">\n<div class=\"form-group\">\n            <label for=\"contact-message\">Vai jums jau ir telev\u012bzijas sist\u0113ma?<\/label><br \/>\n            <span class=\"wpcf7-form-control-wrap tv-system\"><span class=\"wpcf7-form-control wpcf7-radio\"><span class=\"wpcf7-list-item first\"><input type=\"radio\" name=\"tv-system\" value=\"ir\" checked=\"checked\" \/><span class=\"wpcf7-list-item-label\">ir<\/span><\/span><span class=\"wpcf7-list-item last\"><input type=\"radio\" name=\"tv-system\" value=\"nav\" \/><span class=\"wpcf7-list-item-label\">nav<\/span><\/span><\/span><\/span>\n        <\/div>\n<\/div>\n<div class=\"col-md-12\">\n<div class=\"form-group\">\n            <label for=\"contact-message\">Zi\u0146ojums<\/label><br \/>\n            <span class=\"wpcf7-form-control-wrap your-message\"><textarea name=\"your-message\" cols=\"40\" rows=\"10\" class=\"wpcf7-form-control wpcf7-textarea form-control\" id=\"contact-message\" aria-invalid=\"false\"><\/textarea><\/span>\n        <\/div>\n<\/div>\n<div class=\"col-md-12\">\n<div class=\"form-group\">\n            [recaptcha]\n        <\/div>\n<\/div>\n<div class=\"col-md-12\">\n<div class=\"form-group\">\n            <input type=\"submit\" value=\"Nos\u016btit\" class=\"wpcf7-form-control has-spinner wpcf7-submit btn btn-primary btn-lg\" \/>\n        <\/div>\n<\/div>\n<\/div>\n<p style=\"display: none !important;\"><label>&#916;<textarea name=\"_wpcf7_ak_hp_textarea\" cols=\"45\" rows=\"8\" maxlength=\"100\"><\/textarea><\/label><input type=\"hidden\" id=\"ak_js_3\" name=\"_wpcf7_ak_js\" value=\"220\"\/><script>document.getElementById( \"ak_js_3\" ).setAttribute( \"value\", ( new Date() ).getTime() );<\/script><\/p><div class=\"wpcf7-response-output\" aria-hidden=\"true\"><\/div><\/form><\/div>\t\t<\/div><\/div>[vc_empty_space height=&#8221;50&#8243;]<\/div><\/section>[vc_btn title=&#8221;Citi pakalpojumi&#8221; style=&#8221;custom&#8221; custom_background=&#8221;#7f7f7f&#8221; custom_text=&#8221;#ffffff&#8221; shape=&#8221;round&#8221; size=&#8221;lg&#8221; align=&#8221;left&#8221; i_icon_fontawesome=&#8221;fa fa-angle-left&#8221; link=&#8221;url:https%3A%2F%2Funisat.lv%2Flv%2Fservices%2F|||&#8221; add_icon=&#8221;true&#8221; css=&#8221;.vc_custom_1539167864769{margin-top: -15px !important;}&#8221;][vc_empty_space height=&#8221;50&#8243;][vc_separator][\/vc_column][vc_column width=&#8221;1\/6&#8243;][\/vc_column][\/vc_row][vc_row][\/vc_row][vc_column][vc_row_inner][vc_column_inner width=&#8221;1\/4&#8243;][\/vc_column_inner][vc_column_inner width=&#8221;1\/4&#8243;][vc_single_image image=&#8221;8234&#8243; img_size=&#8221;full&#8221; onclick=&#8221;custom_link&#8221; css_animation=&#8221;left-to-right&#8221; hover_effect=&#8221;yes&#8221; link=&#8221;https:\/\/unisat.lv\/lv&#8221;][\/vc_column_inner][vc_column_inner width=&#8221;1\/4&#8243;][vc_wp_custommenu nav_menu=&#8221;2863&#8243;][\/vc_column_inner][vc_column_inner width=&#8221;1\/4&#8243;][\/vc_column_inner][\/vc_row_inner][\/vc_column]<\/p>","protected":false},"excerpt":{"rendered":"<p>[vc_row][vc_column][vc_row_inner][vc_column_inner width=&#8221;1\/6&#8243;][vc_single_image image=&#8221;8234&#8243; img_size=&#8221;full&#8221; onclick=&#8221;custom_link&#8221; css_animation=&#8221;top-to-bottom&#8221; link=&#8221;https:\/\/unisat.lv\/lv&#8221;][\/vc_column_inner][vc_column_inner width=&#8221;1\/6&#8243;][vc_btn title=&#8221;Atpaka\u013c uz M\u0101jaslapu&#8221; style=&#8221;custom&#8221; custom_background=&#8221;#0984e3&#8243; custom_text=&#8221;#ffffff&#8221; shape=&#8221;round&#8221; size=&#8221;lg&#8221; align=&#8221;left&#8221; i_icon_fontawesome=&#8221;fa fa-home&#8221; link=&#8221;url:https%3A%2F%2Funisat.lv%2Flv|||&#8221; add_icon=&#8221;true&#8221;][\/vc_column_inner][vc_column_inner width=&#8221;1\/6&#8243;][\/vc_column_inner][vc_column_inner width=&#8221;1\/6&#8243;][\/vc_column_inner][vc_column_inner width=&#8221;1\/6&#8243;][\/vc_column_inner][vc_column_inner width=&#8221;1\/6&#8243;][\/vc_column_inner][\/vc_row_inner][\/vc_column][\/vc_row][vc_row css=&#8221;.vc_custom_1535616706870{margin-top: 0px !important;}&#8221;][vc_column][rev_slider_vc alias=&#8221;tv-sistemas-lat&#8221; el_class=&#8221;m-b-none&#8221;][\/vc_column][\/vc_row][vc_row][vc_column][vc_empty_space height=&#8221;100&#8243;][\/vc_column][\/vc_row][vc_row][vc_column width=&#8221;1\/6&#8243;][\/vc_column][vc_column width=&#8221;4\/6&#8243;][\/vc_column][vc_column width=&#8221;1\/6&#8243;][\/vc_column][\/vc_row][vc_row][\/vc_row][vc_row][vc_column][vc_single_image image=&#8221;10125&#8243; img_size=&#8221;full&#8221; style=&#8221;vc_box_rounded&#8221; label=&#8221;&#8221; css=&#8221;.vc_custom_1539172736648{margin-top: 40px !important;margin-bottom: 0px !important;}&#8221;][vc_column_text css=&#8221;.vc_custom_1539172451663{margin-top: 0px !important;}&#8221;] K\u0101da ir pa\u0161reiz\u0113j\u0101 telev\u012bzija? K\u0101du telev\u012bziju pied\u0101v\u0101jam m\u0113s! Maz [&hellip;]<\/p>\n","protected":false},"author":18,"featured_media":0,"parent":8334,"menu_order":0,"comment_status":"closed","ping_status":"closed","template":"","meta":[],"_links":{"self":[{"href":"https:\/\/unisat.lv\/lv\/wp-json\/wp\/v2\/pages\/10093"}],"collection":[{"href":"https:\/\/unisat.lv\/lv\/wp-json\/wp\/v2\/pages"}],"about":[{"href":"https:\/\/unisat.lv\/lv\/wp-json\/wp\/v2\/types\/page"}],"author":[{"embeddable":true,"href":"https:\/\/unisat.lv\/lv\/wp-json\/wp\/v2\/users\/18"}],"replies":[{"embeddable":true,"href":"https:\/\/unisat.lv\/lv\/wp-json\/wp\/v2\/comments?post=10093"}],"version-history":[{"count":54,"href":"https:\/\/unisat.lv\/lv\/wp-json\/wp\/v2\/pages\/10093\/revisions"}],"predecessor-version":[{"id":10655,"href":"https:\/\/unisat.lv\/lv\/wp-json\/wp\/v2\/pages\/10093\/revisions\/10655"}],"up":[{"embeddable":true,"href":"https:\/\/unisat.lv\/lv\/wp-json\/wp\/v2\/pages\/8334"}],"wp:attachment":[{"href":"https:\/\/unisat.lv\/lv\/wp-json\/wp\/v2\/media?parent=10093"}],"curies":[{"name":"wp","href":"https:\/\/api.w.org\/{rel}","templated":true}]}}